{"id":997,"date":"2022-11-20T20:19:39","date_gmt":"2022-11-20T19:19:39","guid":{"rendered":"https:\/\/www.pepelekingdupoulet.nicolas-samouth.com\/www\/?page_id=997"},"modified":"2022-12-12T14:04:24","modified_gmt":"2022-12-12T13:04:24","slug":"the-bio","status":"publish","type":"page","link":"https:\/\/www.pepelekingdupoulet.nicolas-samouth.com\/www\/index.php\/the-bio\/","title":{"rendered":"Th\u00e9 Bio"},"content":{"rendered":"\t\t<div data-elementor-type=\"wp-page\" data-elementor-id=\"997\" class=\"elementor elementor-997\">\n\t\t\t\t\t\t\t\t\t<section class=\"elementor-section elementor-top-section elementor-element elementor-element-645337fd elementor-section-boxed elementor-section-height-default elementor-section-height-default\" data-id=\"645337fd\" data-element_type=\"section\">\n\t\t\t\t\t\t<div class=\"elementor-container elementor-column-gap-default\">\n\t\t\t\t\t<div class=\"elementor-column elementor-col-100 elementor-top-column elementor-element elementor-element-26cb7c8a\" data-id=\"26cb7c8a\" data-element_type=\"column\">\n\t\t\t<div class=\"elementor-widget-wrap elementor-element-populated\">\n\t\t\t\t\t\t\t\t<div class=\"elementor-element elementor-element-4cd56474 elementor-widget elementor-widget-image\" data-id=\"4cd56474\" data-element_type=\"widget\" data-widget_type=\"image.default\">\n\t\t\t\t<div class=\"elementor-widget-container\">\n\t\t\t<style>\/*! elementor - v3.8.1 - 13-11-2022 *\/\n.elementor-widget-image{text-align:center}.elementor-widget-image a{display:inline-block}.elementor-widget-image a img[src$=\".svg\"]{width:48px}.elementor-widget-image img{vertical-align:middle;display:inline-block}<\/style>\t\t\t\t\t\t\t\t\t\t\t\t<img loading=\"lazy\" decoding=\"async\" width=\"1024\" height=\"35\" src=\"https:\/\/www.pepelekingdupoulet.nicolas-samouth.com\/www\/wp-content\/uploads\/2022\/10\/calque-forme-noir-blanc-svg-min-1024x35.png\" class=\"attachment-large size-large\" alt=\"bandeau motif pied de poule noir\" srcset=\"https:\/\/www.pepelekingdupoulet.nicolas-samouth.com\/www\/wp-content\/uploads\/2022\/10\/calque-forme-noir-blanc-svg-min-1024x35.png 1024w, https:\/\/www.pepelekingdupoulet.nicolas-samouth.com\/www\/wp-content\/uploads\/2022\/10\/calque-forme-noir-blanc-svg-min-300x10.png 300w, https:\/\/www.pepelekingdupoulet.nicolas-samouth.com\/www\/wp-content\/uploads\/2022\/10\/calque-forme-noir-blanc-svg-min-768x26.png 768w, https:\/\/www.pepelekingdupoulet.nicolas-samouth.com\/www\/wp-content\/uploads\/2022\/10\/calque-forme-noir-blanc-svg-min.png 1384w\" sizes=\"auto, (max-width: 1024px) 100vw, 1024px\" \/>\t\t\t\t\t\t\t\t\t\t\t\t\t\t\t<\/div>\n\t\t\t\t<\/div>\n\t\t\t\t\t<\/div>\n\t\t<\/div>\n\t\t\t\t\t\t\t<\/div>\n\t\t<\/section>\n\t\t\t\t<section class=\"elementor-section elementor-top-section elementor-element elementor-element-66cf23f1 elementor-section-boxed elementor-section-height-default elementor-section-height-default\" data-id=\"66cf23f1\" data-element_type=\"section\">\n\t\t\t\t\t\t<div class=\"elementor-container elementor-column-gap-default\">\n\t\t\t\t\t<div class=\"elementor-column elementor-col-50 elementor-top-column elementor-element elementor-element-293daf0b\" data-id=\"293daf0b\" data-element_type=\"column\">\n\t\t\t<div class=\"elementor-widget-wrap elementor-element-populated\">\n\t\t\t\t\t\t\t\t<div class=\"elementor-element elementor-element-67ed1131 elementor-widget elementor-widget-image\" data-id=\"67ed1131\" data-element_type=\"widget\" data-widget_type=\"image.default\">\n\t\t\t\t<div class=\"elementor-widget-container\">\n\t\t\t\t\t\t\t\t\t\t\t\t\t\t\t<img loading=\"lazy\" decoding=\"async\" width=\"1024\" height=\"1024\" src=\"https:\/\/www.pepelekingdupoulet.nicolas-samouth.com\/www\/wp-content\/uploads\/2022\/11\/the-1024x1024.jpg\" class=\"attachment-large size-large\" alt=\"Un tasse de th\u00e9 accompagn\u00e9 d&#039;une th\u00e9i\u00e8re.\" srcset=\"https:\/\/www.pepelekingdupoulet.nicolas-samouth.com\/www\/wp-content\/uploads\/2022\/11\/the-1024x1024.jpg 1024w, https:\/\/www.pepelekingdupoulet.nicolas-samouth.com\/www\/wp-content\/uploads\/2022\/11\/the-300x300.jpg 300w, https:\/\/www.pepelekingdupoulet.nicolas-samouth.com\/www\/wp-content\/uploads\/2022\/11\/the-150x150.jpg 150w, https:\/\/www.pepelekingdupoulet.nicolas-samouth.com\/www\/wp-content\/uploads\/2022\/11\/the-768x768.jpg 768w, https:\/\/www.pepelekingdupoulet.nicolas-samouth.com\/www\/wp-content\/uploads\/2022\/11\/the.jpg 1080w\" sizes=\"auto, (max-width: 1024px) 100vw, 1024px\" \/>\t\t\t\t\t\t\t\t\t\t\t\t\t\t\t<\/div>\n\t\t\t\t<\/div>\n\t\t\t\t\t<\/div>\n\t\t<\/div>\n\t\t\t\t<div class=\"elementor-column elementor-col-50 elementor-top-column elementor-element elementor-element-5ae9bbb\" data-id=\"5ae9bbb\" data-element_type=\"column\">\n\t\t\t<div class=\"elementor-widget-wrap elementor-element-populated\">\n\t\t\t\t\t\t\t\t<div class=\"elementor-element elementor-element-6609e564 elementor-widget elementor-widget-heading\" data-id=\"6609e564\" data-element_type=\"widget\" data-widget_type=\"heading.default\">\n\t\t\t\t<div class=\"elementor-widget-container\">\n\t\t\t<style>\/*! elementor - v3.8.1 - 13-11-2022 *\/\n.elementor-heading-title{padding:0;margin:0;line-height:1}.elementor-widget-heading .elementor-heading-title[class*=elementor-size-]>a{color:inherit;font-size:inherit;line-height:inherit}.elementor-widget-heading .elementor-heading-title.elementor-size-small{font-size:15px}.elementor-widget-heading .elementor-heading-title.elementor-size-medium{font-size:19px}.elementor-widget-heading .elementor-heading-title.elementor-size-large{font-size:29px}.elementor-widget-heading .elementor-heading-title.elementor-size-xl{font-size:39px}.elementor-widget-heading .elementor-heading-title.elementor-size-xxl{font-size:59px}<\/style><h1 class=\"elementor-heading-title elementor-size-default\">Th\u00e9 Bio<\/h1>\t\t<\/div>\n\t\t\t\t<\/div>\n\t\t\t\t<div class=\"elementor-element elementor-element-41111089 elementor-widget elementor-widget-text-editor\" data-id=\"41111089\" data-element_type=\"widget\" data-widget_type=\"text-editor.default\">\n\t\t\t\t<div class=\"elementor-widget-container\">\n\t\t\t<style>\/*! elementor - v3.8.1 - 13-11-2022 *\/\n.elementor-widget-text-editor.elementor-drop-cap-view-stacked .elementor-drop-cap{background-color:#818a91;color:#fff}.elementor-widget-text-editor.elementor-drop-cap-view-framed .elementor-drop-cap{color:#818a91;border:3px solid;background-color:transparent}.elementor-widget-text-editor:not(.elementor-drop-cap-view-default) .elementor-drop-cap{margin-top:8px}.elementor-widget-text-editor:not(.elementor-drop-cap-view-default) .elementor-drop-cap-letter{width:1em;height:1em}.elementor-widget-text-editor .elementor-drop-cap{float:left;text-align:center;line-height:1;font-size:50px}.elementor-widget-text-editor .elementor-drop-cap-letter{display:inline-block}<\/style>\t\t\t\t<p>Th\u00e9 Bio de la maison Malongo.<\/p><p>Id\u00e9al pour cl\u00f4turer votre repas.<\/p>\t\t\t\t\t\t<\/div>\n\t\t\t\t<\/div>\n\t\t\t\t<div class=\"elementor-element elementor-element-1670765e elementor-widget elementor-widget-heading\" data-id=\"1670765e\" data-element_type=\"widget\" data-widget_type=\"heading.default\">\n\t\t\t\t<div class=\"elementor-widget-container\">\n\t\t\t<h2 class=\"elementor-heading-title elementor-size-default\">1\u20ac85<\/h2>\t\t<\/div>\n\t\t\t\t<\/div>\n\t\t\t\t\t<\/div>\n\t\t<\/div>\n\t\t\t\t\t\t\t<\/div>\n\t\t<\/section>\n\t\t\t\t<section class=\"elementor-section elementor-top-section elementor-element elementor-element-1853b16e elementor-section-boxed elementor-section-height-default elementor-section-height-default\" data-id=\"1853b16e\" data-element_type=\"section\">\n\t\t\t\t\t\t<div class=\"elementor-container elementor-column-gap-default\">\n\t\t\t\t\t<div class=\"elementor-column elementor-col-100 elementor-top-column elementor-element elementor-element-1f78a6b8\" data-id=\"1f78a6b8\" data-element_type=\"column\">\n\t\t\t<div class=\"elementor-widget-wrap elementor-element-populated\">\n\t\t\t\t\t\t\t\t<div class=\"elementor-element elementor-element-6153d247 elementor-widget elementor-widget-image\" data-id=\"6153d247\" data-element_type=\"widget\" data-widget_type=\"image.default\">\n\t\t\t\t<div class=\"elementor-widget-container\">\n\t\t\t\t\t\t\t\t\t\t\t\t\t\t\t<img loading=\"lazy\" decoding=\"async\" width=\"1024\" height=\"35\" src=\"https:\/\/www.pepelekingdupoulet.nicolas-samouth.com\/www\/wp-content\/uploads\/2022\/10\/calque-forme-noir-blanc-svg-min-1024x35.png\" class=\"attachment-large size-large\" alt=\"bandeau motif pied de poule noir\" srcset=\"https:\/\/www.pepelekingdupoulet.nicolas-samouth.com\/www\/wp-content\/uploads\/2022\/10\/calque-forme-noir-blanc-svg-min-1024x35.png 1024w, https:\/\/www.pepelekingdupoulet.nicolas-samouth.com\/www\/wp-content\/uploads\/2022\/10\/calque-forme-noir-blanc-svg-min-300x10.png 300w, https:\/\/www.pepelekingdupoulet.nicolas-samouth.com\/www\/wp-content\/uploads\/2022\/10\/calque-forme-noir-blanc-svg-min-768x26.png 768w, https:\/\/www.pepelekingdupoulet.nicolas-samouth.com\/www\/wp-content\/uploads\/2022\/10\/calque-forme-noir-blanc-svg-min.png 1384w\" sizes=\"auto, (max-width: 1024px) 100vw, 1024px\" \/>\t\t\t\t\t\t\t\t\t\t\t\t\t\t\t<\/div>\n\t\t\t\t<\/div>\n\t\t\t\t\t<\/div>\n\t\t<\/div>\n\t\t\t\t\t\t\t<\/div>\n\t\t<\/section>\n\t\t\t\t\t\t\t<\/div>\n\t\t","protected":false},"excerpt":{"rendered":"<p>Th\u00e9 Bio Th\u00e9 Bio de la maison Malongo. Id\u00e9al pour cl\u00f4turer votre repas. 1\u20ac85<\/p>\n","protected":false},"author":1,"featured_media":0,"parent":0,"menu_order":0,"comment_status":"closed","ping_status":"closed","template":"","meta":{"site-sidebar-layout":"no-sidebar","site-content-layout":"page-builder","ast-global-header-display":"","ast-main-header-display":"","ast-hfb-above-header-display":"","ast-hfb-below-header-display":"","ast-hfb-mobile-header-display":"","site-post-title":"disabled","ast-breadcrumbs-content":"","ast-featured-img":"disabled","footer-sml-layout":"","theme-transparent-header-meta":"","adv-header-id-meta":"","stick-header-meta":"","header-above-stick-meta":"","header-main-stick-meta":"","header-below-stick-meta":"","footnotes":""},"class_list":["post-997","page","type-page","status-publish","hentry"],"yoast_head":"<!-- This site is optimized with the Yoast SEO plugin v19.10 - https:\/\/yoast.com\/wordpress\/plugins\/seo\/ -->\n<title>Th\u00e9 Bio - pepelekingdupoulet<\/title>\n<meta name=\"description\" content=\"Th\u00e9 Bio de la maison Malongo. Id\u00e9al pour cl\u00f4turer votre repas.\" \/>\n<meta name=\"robots\" content=\"index, follow, max-snippet:-1, max-image-preview:large, max-video-preview:-1\" \/>\n<link rel=\"canonical\" href=\"https:\/\/www.pepelekingdupoulet.nicolas-samouth.com\/www\/index.php\/the-bio\/\" \/>\n<meta property=\"og:locale\" content=\"fr_FR\" \/>\n<meta property=\"og:type\" content=\"article\" \/>\n<meta property=\"og:title\" content=\"Th\u00e9 Bio - pepelekingdupoulet\" \/>\n<meta property=\"og:description\" content=\"Th\u00e9 Bio de la maison Malongo. Id\u00e9al pour cl\u00f4turer votre repas.\" \/>\n<meta property=\"og:url\" content=\"https:\/\/www.pepelekingdupoulet.nicolas-samouth.com\/www\/index.php\/the-bio\/\" \/>\n<meta property=\"og:site_name\" content=\"pepelekingdupoulet\" \/>\n<meta property=\"article:modified_time\" content=\"2022-12-12T13:04:24+00:00\" \/>\n<meta property=\"og:image\" content=\"http:\/\/www.pepelekingdupoulet.nicolas-samouth.com\/www\/wp-content\/uploads\/2022\/10\/calque-forme-noir-blanc-svg-min-1024x35.png\" \/>\n<meta name=\"twitter:card\" content=\"summary_large_image\" \/>\n<meta name=\"twitter:label1\" content=\"Dur\u00e9e de lecture estim\u00e9e\" \/>\n\t<meta name=\"twitter:data1\" content=\"1 minute\" \/>\n<script type=\"application\/ld+json\" class=\"yoast-schema-graph\">{\"@context\":\"https:\/\/schema.org\",\"@graph\":[{\"@type\":\"WebPage\",\"@id\":\"https:\/\/www.pepelekingdupoulet.nicolas-samouth.com\/www\/index.php\/the-bio\/\",\"url\":\"https:\/\/www.pepelekingdupoulet.nicolas-samouth.com\/www\/index.php\/the-bio\/\",\"name\":\"Th\u00e9 Bio - pepelekingdupoulet\",\"isPartOf\":{\"@id\":\"https:\/\/www.pepelekingdupoulet.nicolas-samouth.com\/www\/#website\"},\"datePublished\":\"2022-11-20T19:19:39+00:00\",\"dateModified\":\"2022-12-12T13:04:24+00:00\",\"description\":\"Th\u00e9 Bio de la maison Malongo. Id\u00e9al pour cl\u00f4turer votre repas.\",\"breadcrumb\":{\"@id\":\"https:\/\/www.pepelekingdupoulet.nicolas-samouth.com\/www\/index.php\/the-bio\/#breadcrumb\"},\"inLanguage\":\"fr-FR\",\"potentialAction\":[{\"@type\":\"ReadAction\",\"target\":[\"https:\/\/www.pepelekingdupoulet.nicolas-samouth.com\/www\/index.php\/the-bio\/\"]}]},{\"@type\":\"BreadcrumbList\",\"@id\":\"https:\/\/www.pepelekingdupoulet.nicolas-samouth.com\/www\/index.php\/the-bio\/#breadcrumb\",\"itemListElement\":[{\"@type\":\"ListItem\",\"position\":1,\"name\":\"Accueil\",\"item\":\"https:\/\/www.pepelekingdupoulet.nicolas-samouth.com\/www\/\"},{\"@type\":\"ListItem\",\"position\":2,\"name\":\"Th\u00e9 Bio\"}]},{\"@type\":\"WebSite\",\"@id\":\"https:\/\/www.pepelekingdupoulet.nicolas-samouth.com\/www\/#website\",\"url\":\"https:\/\/www.pepelekingdupoulet.nicolas-samouth.com\/www\/\",\"name\":\"pepelekingdupoulet\",\"description\":\"Le king du poulet c&#039;est P\u00e9p\u00e9 !\",\"potentialAction\":[{\"@type\":\"SearchAction\",\"target\":{\"@type\":\"EntryPoint\",\"urlTemplate\":\"https:\/\/www.pepelekingdupoulet.nicolas-samouth.com\/www\/?s={search_term_string}\"},\"query-input\":\"required name=search_term_string\"}],\"inLanguage\":\"fr-FR\"}]}<\/script>\n<!-- \/ Yoast SEO plugin. -->","yoast_head_json":{"title":"Th\u00e9 Bio - pepelekingdupoulet","description":"Th\u00e9 Bio de la maison Malongo. Id\u00e9al pour cl\u00f4turer votre repas.","robots":{"index":"index","follow":"follow","max-snippet":"max-snippet:-1","max-image-preview":"max-image-preview:large","max-video-preview":"max-video-preview:-1"},"canonical":"https:\/\/www.pepelekingdupoulet.nicolas-samouth.com\/www\/index.php\/the-bio\/","og_locale":"fr_FR","og_type":"article","og_title":"Th\u00e9 Bio - pepelekingdupoulet","og_description":"Th\u00e9 Bio de la maison Malongo. Id\u00e9al pour cl\u00f4turer votre repas.","og_url":"https:\/\/www.pepelekingdupoulet.nicolas-samouth.com\/www\/index.php\/the-bio\/","og_site_name":"pepelekingdupoulet","article_modified_time":"2022-12-12T13:04:24+00:00","og_image":[{"url":"http:\/\/www.pepelekingdupoulet.nicolas-samouth.com\/www\/wp-content\/uploads\/2022\/10\/calque-forme-noir-blanc-svg-min-1024x35.png"}],"twitter_card":"summary_large_image","twitter_misc":{"Dur\u00e9e de lecture estim\u00e9e":"1 minute"},"schema":{"@context":"https:\/\/schema.org","@graph":[{"@type":"WebPage","@id":"https:\/\/www.pepelekingdupoulet.nicolas-samouth.com\/www\/index.php\/the-bio\/","url":"https:\/\/www.pepelekingdupoulet.nicolas-samouth.com\/www\/index.php\/the-bio\/","name":"Th\u00e9 Bio - pepelekingdupoulet","isPartOf":{"@id":"https:\/\/www.pepelekingdupoulet.nicolas-samouth.com\/www\/#website"},"datePublished":"2022-11-20T19:19:39+00:00","dateModified":"2022-12-12T13:04:24+00:00","description":"Th\u00e9 Bio de la maison Malongo. Id\u00e9al pour cl\u00f4turer votre repas.","breadcrumb":{"@id":"https:\/\/www.pepelekingdupoulet.nicolas-samouth.com\/www\/index.php\/the-bio\/#breadcrumb"},"inLanguage":"fr-FR","potentialAction":[{"@type":"ReadAction","target":["https:\/\/www.pepelekingdupoulet.nicolas-samouth.com\/www\/index.php\/the-bio\/"]}]},{"@type":"BreadcrumbList","@id":"https:\/\/www.pepelekingdupoulet.nicolas-samouth.com\/www\/index.php\/the-bio\/#breadcrumb","itemListElement":[{"@type":"ListItem","position":1,"name":"Accueil","item":"https:\/\/www.pepelekingdupoulet.nicolas-samouth.com\/www\/"},{"@type":"ListItem","position":2,"name":"Th\u00e9 Bio"}]},{"@type":"WebSite","@id":"https:\/\/www.pepelekingdupoulet.nicolas-samouth.com\/www\/#website","url":"https:\/\/www.pepelekingdupoulet.nicolas-samouth.com\/www\/","name":"pepelekingdupoulet","description":"Le king du poulet c&#039;est P\u00e9p\u00e9 !","potentialAction":[{"@type":"SearchAction","target":{"@type":"EntryPoint","urlTemplate":"https:\/\/www.pepelekingdupoulet.nicolas-samouth.com\/www\/?s={search_term_string}"},"query-input":"required name=search_term_string"}],"inLanguage":"fr-FR"}]}},"_links":{"self":[{"href":"https:\/\/www.pepelekingdupoulet.nicolas-samouth.com\/www\/index.php\/wp-json\/wp\/v2\/pages\/997","targetHints":{"allow":["GET"]}}],"collection":[{"href":"https:\/\/www.pepelekingdupoulet.nicolas-samouth.com\/www\/index.php\/wp-json\/wp\/v2\/pages"}],"about":[{"href":"https:\/\/www.pepelekingdupoulet.nicolas-samouth.com\/www\/index.php\/wp-json\/wp\/v2\/types\/page"}],"author":[{"embeddable":true,"href":"https:\/\/www.pepelekingdupoulet.nicolas-samouth.com\/www\/index.php\/wp-json\/wp\/v2\/users\/1"}],"replies":[{"embeddable":true,"href":"https:\/\/www.pepelekingdupoulet.nicolas-samouth.com\/www\/index.php\/wp-json\/wp\/v2\/comments?post=997"}],"version-history":[{"count":6,"href":"https:\/\/www.pepelekingdupoulet.nicolas-samouth.com\/www\/index.php\/wp-json\/wp\/v2\/pages\/997\/revisions"}],"predecessor-version":[{"id":1975,"href":"https:\/\/www.pepelekingdupoulet.nicolas-samouth.com\/www\/index.php\/wp-json\/wp\/v2\/pages\/997\/revisions\/1975"}],"wp:attachment":[{"href":"https:\/\/www.pepelekingdupoulet.nicolas-samouth.com\/www\/index.php\/wp-json\/wp\/v2\/media?parent=997"}],"curies":[{"name":"wp","href":"https:\/\/api.w.org\/{rel}","templated":true}]}}