{"id":923,"date":"2022-11-20T18:56:38","date_gmt":"2022-11-20T17:56:38","guid":{"rendered":"https:\/\/www.pepelekingdupoulet.nicolas-samouth.com\/www\/?page_id=923"},"modified":"2022-12-12T12:32:13","modified_gmt":"2022-12-12T11:32:13","slug":"eau-plate","status":"publish","type":"page","link":"https:\/\/www.pepelekingdupoulet.nicolas-samouth.com\/www\/index.php\/eau-plate\/","title":{"rendered":"Eau plate"},"content":{"rendered":"\t\t<div data-elementor-type=\"wp-page\" data-elementor-id=\"923\" class=\"elementor elementor-923\">\n\t\t\t\t\t\t\t\t\t<section class=\"elementor-section elementor-top-section elementor-element elementor-element-47d76334 elementor-section-boxed elementor-section-height-default elementor-section-height-default\" data-id=\"47d76334\" data-element_type=\"section\">\n\t\t\t\t\t\t<div class=\"elementor-container elementor-column-gap-default\">\n\t\t\t\t\t<div class=\"elementor-column elementor-col-100 elementor-top-column elementor-element elementor-element-7dc4d5fc\" data-id=\"7dc4d5fc\" data-element_type=\"column\">\n\t\t\t<div class=\"elementor-widget-wrap elementor-element-populated\">\n\t\t\t\t\t\t\t\t<div class=\"elementor-element elementor-element-1bcb5caf elementor-widget elementor-widget-image\" data-id=\"1bcb5caf\" data-element_type=\"widget\" data-widget_type=\"image.default\">\n\t\t\t\t<div class=\"elementor-widget-container\">\n\t\t\t<style>\/*! elementor - v3.8.1 - 13-11-2022 *\/\n.elementor-widget-image{text-align:center}.elementor-widget-image a{display:inline-block}.elementor-widget-image a img[src$=\".svg\"]{width:48px}.elementor-widget-image img{vertical-align:middle;display:inline-block}<\/style>\t\t\t\t\t\t\t\t\t\t\t\t<img loading=\"lazy\" decoding=\"async\" width=\"1024\" height=\"35\" src=\"https:\/\/www.pepelekingdupoulet.nicolas-samouth.com\/www\/wp-content\/uploads\/2022\/10\/calque-forme-noir-blanc-svg-min-1024x35.png\" class=\"attachment-large size-large\" alt=\"bandeau motif pied de poule noir\" srcset=\"https:\/\/www.pepelekingdupoulet.nicolas-samouth.com\/www\/wp-content\/uploads\/2022\/10\/calque-forme-noir-blanc-svg-min-1024x35.png 1024w, https:\/\/www.pepelekingdupoulet.nicolas-samouth.com\/www\/wp-content\/uploads\/2022\/10\/calque-forme-noir-blanc-svg-min-300x10.png 300w, https:\/\/www.pepelekingdupoulet.nicolas-samouth.com\/www\/wp-content\/uploads\/2022\/10\/calque-forme-noir-blanc-svg-min-768x26.png 768w, https:\/\/www.pepelekingdupoulet.nicolas-samouth.com\/www\/wp-content\/uploads\/2022\/10\/calque-forme-noir-blanc-svg-min.png 1384w\" sizes=\"auto, (max-width: 1024px) 100vw, 1024px\" \/>\t\t\t\t\t\t\t\t\t\t\t\t\t\t\t<\/div>\n\t\t\t\t<\/div>\n\t\t\t\t\t<\/div>\n\t\t<\/div>\n\t\t\t\t\t\t\t<\/div>\n\t\t<\/section>\n\t\t\t\t<section class=\"elementor-section elementor-top-section elementor-element elementor-element-48d65370 elementor-section-boxed elementor-section-height-default elementor-section-height-default\" data-id=\"48d65370\" data-element_type=\"section\">\n\t\t\t\t\t\t<div class=\"elementor-container elementor-column-gap-default\">\n\t\t\t\t\t<div class=\"elementor-column elementor-col-50 elementor-top-column elementor-element elementor-element-6c6b8c42\" data-id=\"6c6b8c42\" data-element_type=\"column\">\n\t\t\t<div class=\"elementor-widget-wrap elementor-element-populated\">\n\t\t\t\t\t\t\t\t<div class=\"elementor-element elementor-element-4320abce elementor-widget elementor-widget-image\" data-id=\"4320abce\" data-element_type=\"widget\" data-widget_type=\"image.default\">\n\t\t\t\t<div class=\"elementor-widget-container\">\n\t\t\t\t\t\t\t\t\t\t\t\t\t\t\t<img loading=\"lazy\" decoding=\"async\" width=\"1024\" height=\"1024\" src=\"https:\/\/www.pepelekingdupoulet.nicolas-samouth.com\/www\/wp-content\/uploads\/2022\/11\/eaux-1024x1024.jpg\" class=\"attachment-large size-large\" alt=\"2 bouteilles d&#039;eau, une p\u00e9tillante, une plate\" srcset=\"https:\/\/www.pepelekingdupoulet.nicolas-samouth.com\/www\/wp-content\/uploads\/2022\/11\/eaux-1024x1024.jpg 1024w, https:\/\/www.pepelekingdupoulet.nicolas-samouth.com\/www\/wp-content\/uploads\/2022\/11\/eaux-300x300.jpg 300w, https:\/\/www.pepelekingdupoulet.nicolas-samouth.com\/www\/wp-content\/uploads\/2022\/11\/eaux-150x150.jpg 150w, https:\/\/www.pepelekingdupoulet.nicolas-samouth.com\/www\/wp-content\/uploads\/2022\/11\/eaux-768x768.jpg 768w, https:\/\/www.pepelekingdupoulet.nicolas-samouth.com\/www\/wp-content\/uploads\/2022\/11\/eaux.jpg 1080w\" sizes=\"auto, (max-width: 1024px) 100vw, 1024px\" \/>\t\t\t\t\t\t\t\t\t\t\t\t\t\t\t<\/div>\n\t\t\t\t<\/div>\n\t\t\t\t\t<\/div>\n\t\t<\/div>\n\t\t\t\t<div class=\"elementor-column elementor-col-50 elementor-top-column elementor-element elementor-element-58685f22\" data-id=\"58685f22\" data-element_type=\"column\">\n\t\t\t<div class=\"elementor-widget-wrap elementor-element-populated\">\n\t\t\t\t\t\t\t\t<div class=\"elementor-element elementor-element-7c2b20e5 elementor-widget elementor-widget-heading\" data-id=\"7c2b20e5\" data-element_type=\"widget\" data-widget_type=\"heading.default\">\n\t\t\t\t<div class=\"elementor-widget-container\">\n\t\t\t<style>\/*! elementor - v3.8.1 - 13-11-2022 *\/\n.elementor-heading-title{padding:0;margin:0;line-height:1}.elementor-widget-heading .elementor-heading-title[class*=elementor-size-]>a{color:inherit;font-size:inherit;line-height:inherit}.elementor-widget-heading .elementor-heading-title.elementor-size-small{font-size:15px}.elementor-widget-heading .elementor-heading-title.elementor-size-medium{font-size:19px}.elementor-widget-heading .elementor-heading-title.elementor-size-large{font-size:29px}.elementor-widget-heading .elementor-heading-title.elementor-size-xl{font-size:39px}.elementor-widget-heading .elementor-heading-title.elementor-size-xxl{font-size:59px}<\/style><h1 class=\"elementor-heading-title elementor-size-default\">Eau plate<\/h1>\t\t<\/div>\n\t\t\t\t<\/div>\n\t\t\t\t<div class=\"elementor-element elementor-element-29153287 elementor-widget elementor-widget-text-editor\" data-id=\"29153287\" data-element_type=\"widget\" data-widget_type=\"text-editor.default\">\n\t\t\t\t<div class=\"elementor-widget-container\">\n\t\t\t<style>\/*! elementor - v3.8.1 - 13-11-2022 *\/\n.elementor-widget-text-editor.elementor-drop-cap-view-stacked .elementor-drop-cap{background-color:#818a91;color:#fff}.elementor-widget-text-editor.elementor-drop-cap-view-framed .elementor-drop-cap{color:#818a91;border:3px solid;background-color:transparent}.elementor-widget-text-editor:not(.elementor-drop-cap-view-default) .elementor-drop-cap{margin-top:8px}.elementor-widget-text-editor:not(.elementor-drop-cap-view-default) .elementor-drop-cap-letter{width:1em;height:1em}.elementor-widget-text-editor .elementor-drop-cap{float:left;text-align:center;line-height:1;font-size:50px}.elementor-widget-text-editor .elementor-drop-cap-letter{display:inline-block}<\/style>\t\t\t\t<p>Bouteille d&rsquo;eau plate Thonon de 33cl<\/p>\n<p>Thonon est une eau min\u00e9rale naturelle faiblement min\u00e9ralis\u00e9e, provenant<span style=\"color: var( --e-global-color-text ); font-family: var( --e-global-typography-text-font-family ), Sans-serif; font-weight: var( --e-global-typography-text-font-weight ); background-color: var(--ast-global-color-5); font-size: 1rem;\">&nbsp;des Alpes de Haute-Savoie<\/span><span style=\"font-style: inherit; font-weight: inherit; color: var( --e-global-color-text ); font-family: var( --e-global-typography-text-font-family ), Sans-serif; background-color: var(--ast-global-color-5);\">.&nbsp;<\/span><span style=\"font-style: inherit; font-weight: inherit; color: var( --e-global-color-text ); font-family: var( --e-global-typography-text-font-family ), Sans-serif; background-color: var(--ast-global-color-5);\">Filtr\u00e9e par le sol des montagnes, l\u2019eau min\u00e9rale Thonon nait saine, pure et fra\u00eeche.<\/span><\/p>\t\t\t\t\t\t<\/div>\n\t\t\t\t<\/div>\n\t\t\t\t<div class=\"elementor-element elementor-element-42426df0 elementor-widget elementor-widget-heading\" data-id=\"42426df0\" data-element_type=\"widget\" data-widget_type=\"heading.default\">\n\t\t\t\t<div class=\"elementor-widget-container\">\n\t\t\t<h2 class=\"elementor-heading-title elementor-size-default\">1\u20ac65<\/h2>\t\t<\/div>\n\t\t\t\t<\/div>\n\t\t\t\t\t<\/div>\n\t\t<\/div>\n\t\t\t\t\t\t\t<\/div>\n\t\t<\/section>\n\t\t\t\t<section class=\"elementor-section elementor-top-section elementor-element elementor-element-558a88b1 elementor-section-boxed elementor-section-height-default elementor-section-height-default\" data-id=\"558a88b1\" data-element_type=\"section\">\n\t\t\t\t\t\t<div class=\"elementor-container elementor-column-gap-default\">\n\t\t\t\t\t<div class=\"elementor-column elementor-col-100 elementor-top-column elementor-element elementor-element-332a0520\" data-id=\"332a0520\" data-element_type=\"column\">\n\t\t\t<div class=\"elementor-widget-wrap elementor-element-populated\">\n\t\t\t\t\t\t\t\t<div class=\"elementor-element elementor-element-14f22540 elementor-widget elementor-widget-image\" data-id=\"14f22540\" data-element_type=\"widget\" data-widget_type=\"image.default\">\n\t\t\t\t<div class=\"elementor-widget-container\">\n\t\t\t\t\t\t\t\t\t\t\t\t\t\t\t<img loading=\"lazy\" decoding=\"async\" width=\"1024\" height=\"35\" src=\"https:\/\/www.pepelekingdupoulet.nicolas-samouth.com\/www\/wp-content\/uploads\/2022\/10\/calque-forme-noir-blanc-svg-min-1024x35.png\" class=\"attachment-large size-large\" alt=\"bandeau motif pied de poule noir\" srcset=\"https:\/\/www.pepelekingdupoulet.nicolas-samouth.com\/www\/wp-content\/uploads\/2022\/10\/calque-forme-noir-blanc-svg-min-1024x35.png 1024w, https:\/\/www.pepelekingdupoulet.nicolas-samouth.com\/www\/wp-content\/uploads\/2022\/10\/calque-forme-noir-blanc-svg-min-300x10.png 300w, https:\/\/www.pepelekingdupoulet.nicolas-samouth.com\/www\/wp-content\/uploads\/2022\/10\/calque-forme-noir-blanc-svg-min-768x26.png 768w, https:\/\/www.pepelekingdupoulet.nicolas-samouth.com\/www\/wp-content\/uploads\/2022\/10\/calque-forme-noir-blanc-svg-min.png 1384w\" sizes=\"auto, (max-width: 1024px) 100vw, 1024px\" \/>\t\t\t\t\t\t\t\t\t\t\t\t\t\t\t<\/div>\n\t\t\t\t<\/div>\n\t\t\t\t\t<\/div>\n\t\t<\/div>\n\t\t\t\t\t\t\t<\/div>\n\t\t<\/section>\n\t\t\t\t\t\t\t<\/div>\n\t\t","protected":false},"excerpt":{"rendered":"<p>Eau plate Bouteille d&rsquo;eau plate Thonon de 33cl Thonon est une eau min\u00e9rale naturelle faiblement min\u00e9ralis\u00e9e, provenant&nbsp;des Alpes de Haute-Savoie.&nbsp;Filtr\u00e9e par le sol des montagnes, l\u2019eau min\u00e9rale Thonon nait saine, pure et fra\u00eeche. 1\u20ac65<\/p>\n","protected":false},"author":1,"featured_media":0,"parent":0,"menu_order":0,"comment_status":"closed","ping_status":"closed","template":"","meta":{"site-sidebar-layout":"no-sidebar","site-content-layout":"page-builder","ast-global-header-display":"","ast-main-header-display":"","ast-hfb-above-header-display":"","ast-hfb-below-header-display":"","ast-hfb-mobile-header-display":"","site-post-title":"disabled","ast-breadcrumbs-content":"","ast-featured-img":"disabled","footer-sml-layout":"","theme-transparent-header-meta":"","adv-header-id-meta":"","stick-header-meta":"","header-above-stick-meta":"","header-main-stick-meta":"","header-below-stick-meta":"","footnotes":""},"class_list":["post-923","page","type-page","status-publish","hentry"],"yoast_head":"<!-- This site is optimized with the Yoast SEO plugin v19.10 - https:\/\/yoast.com\/wordpress\/plugins\/seo\/ -->\n<title>Eau plate - pepelekingdupoulet<\/title>\n<meta name=\"description\" content=\"Bouteille d&#039;eau plate Thonon de 33cl - Thonon est une eau min\u00e9rale naturelle faiblement min\u00e9ralis\u00e9e, provenant des Alpes de Haute-Savoie. Filtr\u00e9e par le sol des montagnes, l\u2019eau min\u00e9rale Thonon nait saine, pure et fra\u00eeche.\" \/>\n<meta name=\"robots\" content=\"index, follow, max-snippet:-1, max-image-preview:large, max-video-preview:-1\" \/>\n<link rel=\"canonical\" href=\"https:\/\/www.pepelekingdupoulet.nicolas-samouth.com\/www\/index.php\/eau-plate\/\" \/>\n<meta property=\"og:locale\" content=\"fr_FR\" \/>\n<meta property=\"og:type\" content=\"article\" \/>\n<meta property=\"og:title\" content=\"Eau plate - pepelekingdupoulet\" \/>\n<meta property=\"og:description\" content=\"Bouteille d&#039;eau plate Thonon de 33cl - Thonon est une eau min\u00e9rale naturelle faiblement min\u00e9ralis\u00e9e, provenant des Alpes de Haute-Savoie. Filtr\u00e9e par le sol des montagnes, l\u2019eau min\u00e9rale Thonon nait saine, pure et fra\u00eeche.\" \/>\n<meta property=\"og:url\" content=\"https:\/\/www.pepelekingdupoulet.nicolas-samouth.com\/www\/index.php\/eau-plate\/\" \/>\n<meta property=\"og:site_name\" content=\"pepelekingdupoulet\" \/>\n<meta property=\"article:modified_time\" content=\"2022-12-12T11:32:13+00:00\" \/>\n<meta property=\"og:image\" content=\"http:\/\/www.pepelekingdupoulet.nicolas-samouth.com\/www\/wp-content\/uploads\/2022\/10\/calque-forme-noir-blanc-svg-min-1024x35.png\" \/>\n<meta name=\"twitter:card\" content=\"summary_large_image\" \/>\n<meta name=\"twitter:label1\" content=\"Dur\u00e9e de lecture estim\u00e9e\" \/>\n\t<meta name=\"twitter:data1\" content=\"1 minute\" \/>\n<script type=\"application\/ld+json\" class=\"yoast-schema-graph\">{\"@context\":\"https:\/\/schema.org\",\"@graph\":[{\"@type\":\"WebPage\",\"@id\":\"https:\/\/www.pepelekingdupoulet.nicolas-samouth.com\/www\/index.php\/eau-plate\/\",\"url\":\"https:\/\/www.pepelekingdupoulet.nicolas-samouth.com\/www\/index.php\/eau-plate\/\",\"name\":\"Eau plate - pepelekingdupoulet\",\"isPartOf\":{\"@id\":\"https:\/\/www.pepelekingdupoulet.nicolas-samouth.com\/www\/#website\"},\"datePublished\":\"2022-11-20T17:56:38+00:00\",\"dateModified\":\"2022-12-12T11:32:13+00:00\",\"description\":\"Bouteille d'eau plate Thonon de 33cl - Thonon est une eau min\u00e9rale naturelle faiblement min\u00e9ralis\u00e9e, provenant des Alpes de Haute-Savoie. Filtr\u00e9e par le sol des montagnes, l\u2019eau min\u00e9rale Thonon nait saine, pure et fra\u00eeche.\",\"breadcrumb\":{\"@id\":\"https:\/\/www.pepelekingdupoulet.nicolas-samouth.com\/www\/index.php\/eau-plate\/#breadcrumb\"},\"inLanguage\":\"fr-FR\",\"potentialAction\":[{\"@type\":\"ReadAction\",\"target\":[\"https:\/\/www.pepelekingdupoulet.nicolas-samouth.com\/www\/index.php\/eau-plate\/\"]}]},{\"@type\":\"BreadcrumbList\",\"@id\":\"https:\/\/www.pepelekingdupoulet.nicolas-samouth.com\/www\/index.php\/eau-plate\/#breadcrumb\",\"itemListElement\":[{\"@type\":\"ListItem\",\"position\":1,\"name\":\"Accueil\",\"item\":\"https:\/\/www.pepelekingdupoulet.nicolas-samouth.com\/www\/\"},{\"@type\":\"ListItem\",\"position\":2,\"name\":\"Eau plate\"}]},{\"@type\":\"WebSite\",\"@id\":\"https:\/\/www.pepelekingdupoulet.nicolas-samouth.com\/www\/#website\",\"url\":\"https:\/\/www.pepelekingdupoulet.nicolas-samouth.com\/www\/\",\"name\":\"pepelekingdupoulet\",\"description\":\"Le king du poulet c&#039;est P\u00e9p\u00e9 !\",\"potentialAction\":[{\"@type\":\"SearchAction\",\"target\":{\"@type\":\"EntryPoint\",\"urlTemplate\":\"https:\/\/www.pepelekingdupoulet.nicolas-samouth.com\/www\/?s={search_term_string}\"},\"query-input\":\"required name=search_term_string\"}],\"inLanguage\":\"fr-FR\"}]}<\/script>\n<!-- \/ Yoast SEO plugin. -->","yoast_head_json":{"title":"Eau plate - pepelekingdupoulet","description":"Bouteille d'eau plate Thonon de 33cl - Thonon est une eau min\u00e9rale naturelle faiblement min\u00e9ralis\u00e9e, provenant des Alpes de Haute-Savoie. Filtr\u00e9e par le sol des montagnes, l\u2019eau min\u00e9rale Thonon nait saine, pure et fra\u00eeche.","robots":{"index":"index","follow":"follow","max-snippet":"max-snippet:-1","max-image-preview":"max-image-preview:large","max-video-preview":"max-video-preview:-1"},"canonical":"https:\/\/www.pepelekingdupoulet.nicolas-samouth.com\/www\/index.php\/eau-plate\/","og_locale":"fr_FR","og_type":"article","og_title":"Eau plate - pepelekingdupoulet","og_description":"Bouteille d'eau plate Thonon de 33cl - Thonon est une eau min\u00e9rale naturelle faiblement min\u00e9ralis\u00e9e, provenant des Alpes de Haute-Savoie. Filtr\u00e9e par le sol des montagnes, l\u2019eau min\u00e9rale Thonon nait saine, pure et fra\u00eeche.","og_url":"https:\/\/www.pepelekingdupoulet.nicolas-samouth.com\/www\/index.php\/eau-plate\/","og_site_name":"pepelekingdupoulet","article_modified_time":"2022-12-12T11:32:13+00:00","og_image":[{"url":"http:\/\/www.pepelekingdupoulet.nicolas-samouth.com\/www\/wp-content\/uploads\/2022\/10\/calque-forme-noir-blanc-svg-min-1024x35.png"}],"twitter_card":"summary_large_image","twitter_misc":{"Dur\u00e9e de lecture estim\u00e9e":"1 minute"},"schema":{"@context":"https:\/\/schema.org","@graph":[{"@type":"WebPage","@id":"https:\/\/www.pepelekingdupoulet.nicolas-samouth.com\/www\/index.php\/eau-plate\/","url":"https:\/\/www.pepelekingdupoulet.nicolas-samouth.com\/www\/index.php\/eau-plate\/","name":"Eau plate - pepelekingdupoulet","isPartOf":{"@id":"https:\/\/www.pepelekingdupoulet.nicolas-samouth.com\/www\/#website"},"datePublished":"2022-11-20T17:56:38+00:00","dateModified":"2022-12-12T11:32:13+00:00","description":"Bouteille d'eau plate Thonon de 33cl - Thonon est une eau min\u00e9rale naturelle faiblement min\u00e9ralis\u00e9e, provenant des Alpes de Haute-Savoie. Filtr\u00e9e par le sol des montagnes, l\u2019eau min\u00e9rale Thonon nait saine, pure et fra\u00eeche.","breadcrumb":{"@id":"https:\/\/www.pepelekingdupoulet.nicolas-samouth.com\/www\/index.php\/eau-plate\/#breadcrumb"},"inLanguage":"fr-FR","potentialAction":[{"@type":"ReadAction","target":["https:\/\/www.pepelekingdupoulet.nicolas-samouth.com\/www\/index.php\/eau-plate\/"]}]},{"@type":"BreadcrumbList","@id":"https:\/\/www.pepelekingdupoulet.nicolas-samouth.com\/www\/index.php\/eau-plate\/#breadcrumb","itemListElement":[{"@type":"ListItem","position":1,"name":"Accueil","item":"https:\/\/www.pepelekingdupoulet.nicolas-samouth.com\/www\/"},{"@type":"ListItem","position":2,"name":"Eau plate"}]},{"@type":"WebSite","@id":"https:\/\/www.pepelekingdupoulet.nicolas-samouth.com\/www\/#website","url":"https:\/\/www.pepelekingdupoulet.nicolas-samouth.com\/www\/","name":"pepelekingdupoulet","description":"Le king du poulet c&#039;est P\u00e9p\u00e9 !","potentialAction":[{"@type":"SearchAction","target":{"@type":"EntryPoint","urlTemplate":"https:\/\/www.pepelekingdupoulet.nicolas-samouth.com\/www\/?s={search_term_string}"},"query-input":"required name=search_term_string"}],"inLanguage":"fr-FR"}]}},"_links":{"self":[{"href":"https:\/\/www.pepelekingdupoulet.nicolas-samouth.com\/www\/index.php\/wp-json\/wp\/v2\/pages\/923","targetHints":{"allow":["GET"]}}],"collection":[{"href":"https:\/\/www.pepelekingdupoulet.nicolas-samouth.com\/www\/index.php\/wp-json\/wp\/v2\/pages"}],"about":[{"href":"https:\/\/www.pepelekingdupoulet.nicolas-samouth.com\/www\/index.php\/wp-json\/wp\/v2\/types\/page"}],"author":[{"embeddable":true,"href":"https:\/\/www.pepelekingdupoulet.nicolas-samouth.com\/www\/index.php\/wp-json\/wp\/v2\/users\/1"}],"replies":[{"embeddable":true,"href":"https:\/\/www.pepelekingdupoulet.nicolas-samouth.com\/www\/index.php\/wp-json\/wp\/v2\/comments?post=923"}],"version-history":[{"count":9,"href":"https:\/\/www.pepelekingdupoulet.nicolas-samouth.com\/www\/index.php\/wp-json\/wp\/v2\/pages\/923\/revisions"}],"predecessor-version":[{"id":1886,"href":"https:\/\/www.pepelekingdupoulet.nicolas-samouth.com\/www\/index.php\/wp-json\/wp\/v2\/pages\/923\/revisions\/1886"}],"wp:attachment":[{"href":"https:\/\/www.pepelekingdupoulet.nicolas-samouth.com\/www\/index.php\/wp-json\/wp\/v2\/media?parent=923"}],"curies":[{"name":"wp","href":"https:\/\/api.w.org\/{rel}","templated":true}]}}