{"id":575,"date":"2022-11-20T10:33:46","date_gmt":"2022-11-20T09:33:46","guid":{"rendered":"https:\/\/www.pepelekingdupoulet.nicolas-samouth.com\/www\/?page_id=575"},"modified":"2022-12-18T11:54:07","modified_gmt":"2022-12-18T10:54:07","slug":"boulettes-de-volaille-aigre-douce","status":"publish","type":"page","link":"https:\/\/www.pepelekingdupoulet.nicolas-samouth.com\/www\/index.php\/boulettes-de-volaille-aigre-douce\/","title":{"rendered":"Boulettes de volaille aigre-douce"},"content":{"rendered":"\t\t<div data-elementor-type=\"wp-page\" data-elementor-id=\"575\" class=\"elementor elementor-575\">\n\t\t\t\t\t\t\t\t\t<section class=\"elementor-section elementor-top-section elementor-element elementor-element-7cbd52d3 elementor-section-boxed elementor-section-height-default elementor-section-height-default\" data-id=\"7cbd52d3\" data-element_type=\"section\">\n\t\t\t\t\t\t<div class=\"elementor-container elementor-column-gap-default\">\n\t\t\t\t\t<div class=\"elementor-column elementor-col-100 elementor-top-column elementor-element elementor-element-866e161\" data-id=\"866e161\" data-element_type=\"column\">\n\t\t\t<div class=\"elementor-widget-wrap elementor-element-populated\">\n\t\t\t\t\t\t\t\t<div class=\"elementor-element elementor-element-7ecdb0e5 elementor-widget elementor-widget-image\" data-id=\"7ecdb0e5\" data-element_type=\"widget\" data-widget_type=\"image.default\">\n\t\t\t\t<div class=\"elementor-widget-container\">\n\t\t\t<style>\/*! elementor - v3.8.1 - 13-11-2022 *\/\n.elementor-widget-image{text-align:center}.elementor-widget-image a{display:inline-block}.elementor-widget-image a img[src$=\".svg\"]{width:48px}.elementor-widget-image img{vertical-align:middle;display:inline-block}<\/style>\t\t\t\t\t\t\t\t\t\t\t\t<img loading=\"lazy\" decoding=\"async\" width=\"1024\" height=\"35\" src=\"https:\/\/www.pepelekingdupoulet.nicolas-samouth.com\/www\/wp-content\/uploads\/2022\/10\/calque-forme-noir-blanc-svg-min-1024x35.png\" class=\"attachment-large size-large\" alt=\"bandeau motif pied de poule noir\" srcset=\"https:\/\/www.pepelekingdupoulet.nicolas-samouth.com\/www\/wp-content\/uploads\/2022\/10\/calque-forme-noir-blanc-svg-min-1024x35.png 1024w, https:\/\/www.pepelekingdupoulet.nicolas-samouth.com\/www\/wp-content\/uploads\/2022\/10\/calque-forme-noir-blanc-svg-min-300x10.png 300w, https:\/\/www.pepelekingdupoulet.nicolas-samouth.com\/www\/wp-content\/uploads\/2022\/10\/calque-forme-noir-blanc-svg-min-768x26.png 768w, https:\/\/www.pepelekingdupoulet.nicolas-samouth.com\/www\/wp-content\/uploads\/2022\/10\/calque-forme-noir-blanc-svg-min.png 1384w\" sizes=\"auto, (max-width: 1024px) 100vw, 1024px\" \/>\t\t\t\t\t\t\t\t\t\t\t\t\t\t\t<\/div>\n\t\t\t\t<\/div>\n\t\t\t\t\t<\/div>\n\t\t<\/div>\n\t\t\t\t\t\t\t<\/div>\n\t\t<\/section>\n\t\t\t\t<section class=\"elementor-section elementor-top-section elementor-element elementor-element-5fdf5e56 elementor-section-boxed elementor-section-height-default elementor-section-height-default\" data-id=\"5fdf5e56\" data-element_type=\"section\">\n\t\t\t\t\t\t<div class=\"elementor-container elementor-column-gap-default\">\n\t\t\t\t\t<div class=\"elementor-column elementor-col-50 elementor-top-column elementor-element elementor-element-497fb3\" data-id=\"497fb3\" data-element_type=\"column\">\n\t\t\t<div class=\"elementor-widget-wrap elementor-element-populated\">\n\t\t\t\t\t\t\t\t<div class=\"elementor-element elementor-element-67a785c2 elementor-widget elementor-widget-image\" data-id=\"67a785c2\" data-element_type=\"widget\" data-widget_type=\"image.default\">\n\t\t\t\t<div class=\"elementor-widget-container\">\n\t\t\t\t\t\t\t\t\t\t\t\t\t\t\t<img loading=\"lazy\" decoding=\"async\" width=\"1024\" height=\"1024\" src=\"https:\/\/www.pepelekingdupoulet.nicolas-samouth.com\/www\/wp-content\/uploads\/2022\/11\/boumettes-de-volaille-aigre-douce-1024x1024.jpg\" class=\"attachment-large size-large\" alt=\"boulettes de volaille aigre-douce\" srcset=\"https:\/\/www.pepelekingdupoulet.nicolas-samouth.com\/www\/wp-content\/uploads\/2022\/11\/boumettes-de-volaille-aigre-douce-1024x1024.jpg 1024w, https:\/\/www.pepelekingdupoulet.nicolas-samouth.com\/www\/wp-content\/uploads\/2022\/11\/boumettes-de-volaille-aigre-douce-300x300.jpg 300w, https:\/\/www.pepelekingdupoulet.nicolas-samouth.com\/www\/wp-content\/uploads\/2022\/11\/boumettes-de-volaille-aigre-douce-150x150.jpg 150w, https:\/\/www.pepelekingdupoulet.nicolas-samouth.com\/www\/wp-content\/uploads\/2022\/11\/boumettes-de-volaille-aigre-douce-768x768.jpg 768w, https:\/\/www.pepelekingdupoulet.nicolas-samouth.com\/www\/wp-content\/uploads\/2022\/11\/boumettes-de-volaille-aigre-douce.jpg 1080w\" sizes=\"auto, (max-width: 1024px) 100vw, 1024px\" \/>\t\t\t\t\t\t\t\t\t\t\t\t\t\t\t<\/div>\n\t\t\t\t<\/div>\n\t\t\t\t\t<\/div>\n\t\t<\/div>\n\t\t\t\t<div class=\"elementor-column elementor-col-50 elementor-top-column elementor-element elementor-element-19b15e02\" data-id=\"19b15e02\" data-element_type=\"column\">\n\t\t\t<div class=\"elementor-widget-wrap elementor-element-populated\">\n\t\t\t\t\t\t\t\t<div class=\"elementor-element elementor-element-bb91b69 elementor-widget elementor-widget-heading\" data-id=\"bb91b69\" data-element_type=\"widget\" data-widget_type=\"heading.default\">\n\t\t\t\t<div class=\"elementor-widget-container\">\n\t\t\t<style>\/*! elementor - v3.8.1 - 13-11-2022 *\/\n.elementor-heading-title{padding:0;margin:0;line-height:1}.elementor-widget-heading .elementor-heading-title[class*=elementor-size-]>a{color:inherit;font-size:inherit;line-height:inherit}.elementor-widget-heading .elementor-heading-title.elementor-size-small{font-size:15px}.elementor-widget-heading .elementor-heading-title.elementor-size-medium{font-size:19px}.elementor-widget-heading .elementor-heading-title.elementor-size-large{font-size:29px}.elementor-widget-heading .elementor-heading-title.elementor-size-xl{font-size:39px}.elementor-widget-heading .elementor-heading-title.elementor-size-xxl{font-size:59px}<\/style><h1 class=\"elementor-heading-title elementor-size-default\">Boulettes de volaille aigre-douce<\/h1>\t\t<\/div>\n\t\t\t\t<\/div>\n\t\t\t\t<div class=\"elementor-element elementor-element-46f1dd17 elementor-widget elementor-widget-text-editor\" data-id=\"46f1dd17\" data-element_type=\"widget\" data-widget_type=\"text-editor.default\">\n\t\t\t\t<div class=\"elementor-widget-container\">\n\t\t\t<style>\/*! elementor - v3.8.1 - 13-11-2022 *\/\n.elementor-widget-text-editor.elementor-drop-cap-view-stacked .elementor-drop-cap{background-color:#818a91;color:#fff}.elementor-widget-text-editor.elementor-drop-cap-view-framed .elementor-drop-cap{color:#818a91;border:3px solid;background-color:transparent}.elementor-widget-text-editor:not(.elementor-drop-cap-view-default) .elementor-drop-cap{margin-top:8px}.elementor-widget-text-editor:not(.elementor-drop-cap-view-default) .elementor-drop-cap-letter{width:1em;height:1em}.elementor-widget-text-editor .elementor-drop-cap{float:left;text-align:center;line-height:1;font-size:50px}.elementor-widget-text-editor .elementor-drop-cap-letter{display:inline-block}<\/style>\t\t\t\t<p>2 Brochettes de 4 boulettes de volaille Bio et fran\u00e7aise napp\u00e9es de sauce aigre-douce et saupoudr\u00e9es de graines de s\u00e9same noir.<\/p>\n<p>Id\u00e9al pour un parfait contraste de saveurs acidul\u00e9es tout en douceur !<\/p>\t\t\t\t\t\t<\/div>\n\t\t\t\t<\/div>\n\t\t\t\t<div class=\"elementor-element elementor-element-2187a247 elementor-widget elementor-widget-heading\" data-id=\"2187a247\" data-element_type=\"widget\" data-widget_type=\"heading.default\">\n\t\t\t\t<div class=\"elementor-widget-container\">\n\t\t\t<h2 class=\"elementor-heading-title elementor-size-default\">4\u20ac20<\/h2>\t\t<\/div>\n\t\t\t\t<\/div>\n\t\t\t\t\t<\/div>\n\t\t<\/div>\n\t\t\t\t\t\t\t<\/div>\n\t\t<\/section>\n\t\t\t\t<section class=\"elementor-section elementor-top-section elementor-element elementor-element-1747061c elementor-section-boxed elementor-section-height-default elementor-section-height-default\" data-id=\"1747061c\" data-element_type=\"section\">\n\t\t\t\t\t\t<div class=\"elementor-container elementor-column-gap-default\">\n\t\t\t\t\t<div class=\"elementor-column elementor-col-100 elementor-top-column elementor-element elementor-element-135f7fca\" data-id=\"135f7fca\" data-element_type=\"column\">\n\t\t\t<div class=\"elementor-widget-wrap\">\n\t\t\t\t\t\t\t\t\t<\/div>\n\t\t<\/div>\n\t\t\t\t\t\t\t<\/div>\n\t\t<\/section>\n\t\t\t\t<section class=\"elementor-section elementor-top-section elementor-element elementor-element-1581073b elementor-section-boxed elementor-section-height-default elementor-section-height-default\" data-id=\"1581073b\" data-element_type=\"section\">\n\t\t\t\t\t\t<div class=\"elementor-container elementor-column-gap-default\">\n\t\t\t\t\t<div class=\"elementor-column elementor-col-100 elementor-top-column elementor-element elementor-element-18103bf7\" data-id=\"18103bf7\" data-element_type=\"column\">\n\t\t\t<div class=\"elementor-widget-wrap elementor-element-populated\">\n\t\t\t\t\t\t\t\t<div class=\"elementor-element elementor-element-3e256024 elementor-widget elementor-widget-image\" data-id=\"3e256024\" data-element_type=\"widget\" data-widget_type=\"image.default\">\n\t\t\t\t<div class=\"elementor-widget-container\">\n\t\t\t\t\t\t\t\t\t\t\t\t\t\t\t<img loading=\"lazy\" decoding=\"async\" width=\"1024\" height=\"35\" src=\"https:\/\/www.pepelekingdupoulet.nicolas-samouth.com\/www\/wp-content\/uploads\/2022\/10\/calque-forme-noir-blanc-svg-min-1024x35.png\" class=\"attachment-large size-large\" alt=\"bandeau motif pied de poule noir\" srcset=\"https:\/\/www.pepelekingdupoulet.nicolas-samouth.com\/www\/wp-content\/uploads\/2022\/10\/calque-forme-noir-blanc-svg-min-1024x35.png 1024w, https:\/\/www.pepelekingdupoulet.nicolas-samouth.com\/www\/wp-content\/uploads\/2022\/10\/calque-forme-noir-blanc-svg-min-300x10.png 300w, https:\/\/www.pepelekingdupoulet.nicolas-samouth.com\/www\/wp-content\/uploads\/2022\/10\/calque-forme-noir-blanc-svg-min-768x26.png 768w, https:\/\/www.pepelekingdupoulet.nicolas-samouth.com\/www\/wp-content\/uploads\/2022\/10\/calque-forme-noir-blanc-svg-min.png 1384w\" sizes=\"auto, (max-width: 1024px) 100vw, 1024px\" \/>\t\t\t\t\t\t\t\t\t\t\t\t\t\t\t<\/div>\n\t\t\t\t<\/div>\n\t\t\t\t\t<\/div>\n\t\t<\/div>\n\t\t\t\t\t\t\t<\/div>\n\t\t<\/section>\n\t\t\t\t\t\t\t<\/div>\n\t\t","protected":false},"excerpt":{"rendered":"<p>Boulettes de volaille aigre-douce 2 Brochettes de 4 boulettes de volaille Bio et fran\u00e7aise napp\u00e9es de sauce aigre-douce et saupoudr\u00e9es de graines de s\u00e9same noir. Id\u00e9al pour un parfait contraste de saveurs acidul\u00e9es tout en douceur ! 4\u20ac20<\/p>\n","protected":false},"author":1,"featured_media":0,"parent":0,"menu_order":0,"comment_status":"closed","ping_status":"closed","template":"","meta":{"site-sidebar-layout":"no-sidebar","site-content-layout":"page-builder","ast-global-header-display":"","ast-main-header-display":"","ast-hfb-above-header-display":"","ast-hfb-below-header-display":"","ast-hfb-mobile-header-display":"","site-post-title":"disabled","ast-breadcrumbs-content":"","ast-featured-img":"disabled","footer-sml-layout":"","theme-transparent-header-meta":"","adv-header-id-meta":"","stick-header-meta":"","header-above-stick-meta":"","header-main-stick-meta":"","header-below-stick-meta":"","footnotes":""},"class_list":["post-575","page","type-page","status-publish","hentry"],"yoast_head":"<!-- This site is optimized with the Yoast SEO plugin v19.10 - https:\/\/yoast.com\/wordpress\/plugins\/seo\/ -->\n<title>Boulettes de volaille aigre-douce - pepelekingdupoulet<\/title>\n<meta name=\"description\" content=\"2 Brochettes de 4 boulettes de volaille Bio et fran\u00e7aise napp\u00e9es de sauce aigre-douce et saupoudr\u00e9es de graines de s\u00e9same noir. Id\u00e9al pour un parfait contraste de saveurs acidul\u00e9s tout en douceur !\" \/>\n<meta name=\"robots\" content=\"index, follow, max-snippet:-1, max-image-preview:large, max-video-preview:-1\" \/>\n<link rel=\"canonical\" href=\"https:\/\/www.pepelekingdupoulet.nicolas-samouth.com\/www\/index.php\/boulettes-de-volaille-aigre-douce\/\" \/>\n<meta property=\"og:locale\" content=\"fr_FR\" \/>\n<meta property=\"og:type\" content=\"article\" \/>\n<meta property=\"og:title\" content=\"Boulettes de volaille aigre-douce - pepelekingdupoulet\" \/>\n<meta property=\"og:description\" content=\"2 Brochettes de 4 boulettes de volaille Bio et fran\u00e7aise napp\u00e9es de sauce aigre-douce et saupoudr\u00e9es de graines de s\u00e9same noir. Id\u00e9al pour un parfait contraste de saveurs acidul\u00e9s tout en douceur !\" \/>\n<meta property=\"og:url\" content=\"https:\/\/www.pepelekingdupoulet.nicolas-samouth.com\/www\/index.php\/boulettes-de-volaille-aigre-douce\/\" \/>\n<meta property=\"og:site_name\" content=\"pepelekingdupoulet\" \/>\n<meta property=\"article:modified_time\" content=\"2022-12-18T10:54:07+00:00\" \/>\n<meta property=\"og:image\" content=\"http:\/\/www.pepelekingdupoulet.nicolas-samouth.com\/www\/wp-content\/uploads\/2022\/10\/calque-forme-noir-blanc-svg-min-1024x35.png\" \/>\n<meta name=\"twitter:card\" content=\"summary_large_image\" \/>\n<meta name=\"twitter:label1\" content=\"Dur\u00e9e de lecture estim\u00e9e\" \/>\n\t<meta name=\"twitter:data1\" content=\"1 minute\" \/>\n<script type=\"application\/ld+json\" class=\"yoast-schema-graph\">{\"@context\":\"https:\/\/schema.org\",\"@graph\":[{\"@type\":\"WebPage\",\"@id\":\"https:\/\/www.pepelekingdupoulet.nicolas-samouth.com\/www\/index.php\/boulettes-de-volaille-aigre-douce\/\",\"url\":\"https:\/\/www.pepelekingdupoulet.nicolas-samouth.com\/www\/index.php\/boulettes-de-volaille-aigre-douce\/\",\"name\":\"Boulettes de volaille aigre-douce - pepelekingdupoulet\",\"isPartOf\":{\"@id\":\"https:\/\/www.pepelekingdupoulet.nicolas-samouth.com\/www\/#website\"},\"datePublished\":\"2022-11-20T09:33:46+00:00\",\"dateModified\":\"2022-12-18T10:54:07+00:00\",\"description\":\"2 Brochettes de 4 boulettes de volaille Bio et fran\u00e7aise napp\u00e9es de sauce aigre-douce et saupoudr\u00e9es de graines de s\u00e9same noir. Id\u00e9al pour un parfait contraste de saveurs acidul\u00e9s tout en douceur !\",\"breadcrumb\":{\"@id\":\"https:\/\/www.pepelekingdupoulet.nicolas-samouth.com\/www\/index.php\/boulettes-de-volaille-aigre-douce\/#breadcrumb\"},\"inLanguage\":\"fr-FR\",\"potentialAction\":[{\"@type\":\"ReadAction\",\"target\":[\"https:\/\/www.pepelekingdupoulet.nicolas-samouth.com\/www\/index.php\/boulettes-de-volaille-aigre-douce\/\"]}]},{\"@type\":\"BreadcrumbList\",\"@id\":\"https:\/\/www.pepelekingdupoulet.nicolas-samouth.com\/www\/index.php\/boulettes-de-volaille-aigre-douce\/#breadcrumb\",\"itemListElement\":[{\"@type\":\"ListItem\",\"position\":1,\"name\":\"Accueil\",\"item\":\"https:\/\/www.pepelekingdupoulet.nicolas-samouth.com\/www\/\"},{\"@type\":\"ListItem\",\"position\":2,\"name\":\"Boulettes de volaille aigre-douce\"}]},{\"@type\":\"WebSite\",\"@id\":\"https:\/\/www.pepelekingdupoulet.nicolas-samouth.com\/www\/#website\",\"url\":\"https:\/\/www.pepelekingdupoulet.nicolas-samouth.com\/www\/\",\"name\":\"pepelekingdupoulet\",\"description\":\"Le king du poulet c&#039;est P\u00e9p\u00e9 !\",\"potentialAction\":[{\"@type\":\"SearchAction\",\"target\":{\"@type\":\"EntryPoint\",\"urlTemplate\":\"https:\/\/www.pepelekingdupoulet.nicolas-samouth.com\/www\/?s={search_term_string}\"},\"query-input\":\"required name=search_term_string\"}],\"inLanguage\":\"fr-FR\"}]}<\/script>\n<!-- \/ Yoast SEO plugin. -->","yoast_head_json":{"title":"Boulettes de volaille aigre-douce - pepelekingdupoulet","description":"2 Brochettes de 4 boulettes de volaille Bio et fran\u00e7aise napp\u00e9es de sauce aigre-douce et saupoudr\u00e9es de graines de s\u00e9same noir. Id\u00e9al pour un parfait contraste de saveurs acidul\u00e9s tout en douceur !","robots":{"index":"index","follow":"follow","max-snippet":"max-snippet:-1","max-image-preview":"max-image-preview:large","max-video-preview":"max-video-preview:-1"},"canonical":"https:\/\/www.pepelekingdupoulet.nicolas-samouth.com\/www\/index.php\/boulettes-de-volaille-aigre-douce\/","og_locale":"fr_FR","og_type":"article","og_title":"Boulettes de volaille aigre-douce - pepelekingdupoulet","og_description":"2 Brochettes de 4 boulettes de volaille Bio et fran\u00e7aise napp\u00e9es de sauce aigre-douce et saupoudr\u00e9es de graines de s\u00e9same noir. Id\u00e9al pour un parfait contraste de saveurs acidul\u00e9s tout en douceur !","og_url":"https:\/\/www.pepelekingdupoulet.nicolas-samouth.com\/www\/index.php\/boulettes-de-volaille-aigre-douce\/","og_site_name":"pepelekingdupoulet","article_modified_time":"2022-12-18T10:54:07+00:00","og_image":[{"url":"http:\/\/www.pepelekingdupoulet.nicolas-samouth.com\/www\/wp-content\/uploads\/2022\/10\/calque-forme-noir-blanc-svg-min-1024x35.png"}],"twitter_card":"summary_large_image","twitter_misc":{"Dur\u00e9e de lecture estim\u00e9e":"1 minute"},"schema":{"@context":"https:\/\/schema.org","@graph":[{"@type":"WebPage","@id":"https:\/\/www.pepelekingdupoulet.nicolas-samouth.com\/www\/index.php\/boulettes-de-volaille-aigre-douce\/","url":"https:\/\/www.pepelekingdupoulet.nicolas-samouth.com\/www\/index.php\/boulettes-de-volaille-aigre-douce\/","name":"Boulettes de volaille aigre-douce - pepelekingdupoulet","isPartOf":{"@id":"https:\/\/www.pepelekingdupoulet.nicolas-samouth.com\/www\/#website"},"datePublished":"2022-11-20T09:33:46+00:00","dateModified":"2022-12-18T10:54:07+00:00","description":"2 Brochettes de 4 boulettes de volaille Bio et fran\u00e7aise napp\u00e9es de sauce aigre-douce et saupoudr\u00e9es de graines de s\u00e9same noir. Id\u00e9al pour un parfait contraste de saveurs acidul\u00e9s tout en douceur !","breadcrumb":{"@id":"https:\/\/www.pepelekingdupoulet.nicolas-samouth.com\/www\/index.php\/boulettes-de-volaille-aigre-douce\/#breadcrumb"},"inLanguage":"fr-FR","potentialAction":[{"@type":"ReadAction","target":["https:\/\/www.pepelekingdupoulet.nicolas-samouth.com\/www\/index.php\/boulettes-de-volaille-aigre-douce\/"]}]},{"@type":"BreadcrumbList","@id":"https:\/\/www.pepelekingdupoulet.nicolas-samouth.com\/www\/index.php\/boulettes-de-volaille-aigre-douce\/#breadcrumb","itemListElement":[{"@type":"ListItem","position":1,"name":"Accueil","item":"https:\/\/www.pepelekingdupoulet.nicolas-samouth.com\/www\/"},{"@type":"ListItem","position":2,"name":"Boulettes de volaille aigre-douce"}]},{"@type":"WebSite","@id":"https:\/\/www.pepelekingdupoulet.nicolas-samouth.com\/www\/#website","url":"https:\/\/www.pepelekingdupoulet.nicolas-samouth.com\/www\/","name":"pepelekingdupoulet","description":"Le king du poulet c&#039;est P\u00e9p\u00e9 !","potentialAction":[{"@type":"SearchAction","target":{"@type":"EntryPoint","urlTemplate":"https:\/\/www.pepelekingdupoulet.nicolas-samouth.com\/www\/?s={search_term_string}"},"query-input":"required name=search_term_string"}],"inLanguage":"fr-FR"}]}},"_links":{"self":[{"href":"https:\/\/www.pepelekingdupoulet.nicolas-samouth.com\/www\/index.php\/wp-json\/wp\/v2\/pages\/575","targetHints":{"allow":["GET"]}}],"collection":[{"href":"https:\/\/www.pepelekingdupoulet.nicolas-samouth.com\/www\/index.php\/wp-json\/wp\/v2\/pages"}],"about":[{"href":"https:\/\/www.pepelekingdupoulet.nicolas-samouth.com\/www\/index.php\/wp-json\/wp\/v2\/types\/page"}],"author":[{"embeddable":true,"href":"https:\/\/www.pepelekingdupoulet.nicolas-samouth.com\/www\/index.php\/wp-json\/wp\/v2\/users\/1"}],"replies":[{"embeddable":true,"href":"https:\/\/www.pepelekingdupoulet.nicolas-samouth.com\/www\/index.php\/wp-json\/wp\/v2\/comments?post=575"}],"version-history":[{"count":11,"href":"https:\/\/www.pepelekingdupoulet.nicolas-samouth.com\/www\/index.php\/wp-json\/wp\/v2\/pages\/575\/revisions"}],"predecessor-version":[{"id":1852,"href":"https:\/\/www.pepelekingdupoulet.nicolas-samouth.com\/www\/index.php\/wp-json\/wp\/v2\/pages\/575\/revisions\/1852"}],"wp:attachment":[{"href":"https:\/\/www.pepelekingdupoulet.nicolas-samouth.com\/www\/index.php\/wp-json\/wp\/v2\/media?parent=575"}],"curies":[{"name":"wp","href":"https:\/\/api.w.org\/{rel}","templated":true}]}}