{"id":519,"date":"2022-11-19T16:32:09","date_gmt":"2022-11-19T15:32:09","guid":{"rendered":"https:\/\/www.pepelekingdupoulet.nicolas-samouth.com\/www\/?page_id=519"},"modified":"2022-12-18T13:00:18","modified_gmt":"2022-12-18T12:00:18","slug":"tendre-filet-frit","status":"publish","type":"page","link":"https:\/\/www.pepelekingdupoulet.nicolas-samouth.com\/www\/index.php\/tendre-filet-frit\/","title":{"rendered":"Tendre filet frit"},"content":{"rendered":"\t\t<div data-elementor-type=\"wp-page\" data-elementor-id=\"519\" class=\"elementor elementor-519\">\n\t\t\t\t\t\t\t\t\t<section class=\"elementor-section elementor-top-section elementor-element elementor-element-5198076b elementor-section-boxed elementor-section-height-default elementor-section-height-default\" data-id=\"5198076b\" data-element_type=\"section\">\n\t\t\t\t\t\t<div class=\"elementor-container elementor-column-gap-default\">\n\t\t\t\t\t<div class=\"elementor-column elementor-col-100 elementor-top-column elementor-element elementor-element-bd50074\" data-id=\"bd50074\" data-element_type=\"column\">\n\t\t\t<div class=\"elementor-widget-wrap elementor-element-populated\">\n\t\t\t\t\t\t\t\t<div class=\"elementor-element elementor-element-28734162 elementor-widget elementor-widget-image\" data-id=\"28734162\" data-element_type=\"widget\" data-widget_type=\"image.default\">\n\t\t\t\t<div class=\"elementor-widget-container\">\n\t\t\t<style>\/*! elementor - v3.8.1 - 13-11-2022 *\/\n.elementor-widget-image{text-align:center}.elementor-widget-image a{display:inline-block}.elementor-widget-image a img[src$=\".svg\"]{width:48px}.elementor-widget-image img{vertical-align:middle;display:inline-block}<\/style>\t\t\t\t\t\t\t\t\t\t\t\t<img loading=\"lazy\" decoding=\"async\" width=\"1024\" height=\"35\" src=\"https:\/\/www.pepelekingdupoulet.nicolas-samouth.com\/www\/wp-content\/uploads\/2022\/10\/calque-forme-noir-blanc-svg-min-1024x35.png\" class=\"attachment-large size-large\" alt=\"bandeau motif pied de poule noir\" srcset=\"https:\/\/www.pepelekingdupoulet.nicolas-samouth.com\/www\/wp-content\/uploads\/2022\/10\/calque-forme-noir-blanc-svg-min-1024x35.png 1024w, https:\/\/www.pepelekingdupoulet.nicolas-samouth.com\/www\/wp-content\/uploads\/2022\/10\/calque-forme-noir-blanc-svg-min-300x10.png 300w, https:\/\/www.pepelekingdupoulet.nicolas-samouth.com\/www\/wp-content\/uploads\/2022\/10\/calque-forme-noir-blanc-svg-min-768x26.png 768w, https:\/\/www.pepelekingdupoulet.nicolas-samouth.com\/www\/wp-content\/uploads\/2022\/10\/calque-forme-noir-blanc-svg-min.png 1384w\" sizes=\"auto, (max-width: 1024px) 100vw, 1024px\" \/>\t\t\t\t\t\t\t\t\t\t\t\t\t\t\t<\/div>\n\t\t\t\t<\/div>\n\t\t\t\t\t<\/div>\n\t\t<\/div>\n\t\t\t\t\t\t\t<\/div>\n\t\t<\/section>\n\t\t\t\t<section class=\"elementor-section elementor-top-section elementor-element elementor-element-d5aaec3 elementor-section-boxed elementor-section-height-default elementor-section-height-default\" data-id=\"d5aaec3\" data-element_type=\"section\">\n\t\t\t\t\t\t<div class=\"elementor-container elementor-column-gap-default\">\n\t\t\t\t\t<div class=\"elementor-column elementor-col-50 elementor-top-column elementor-element elementor-element-2ff3e556\" data-id=\"2ff3e556\" data-element_type=\"column\">\n\t\t\t<div class=\"elementor-widget-wrap elementor-element-populated\">\n\t\t\t\t\t\t\t\t<div class=\"elementor-element elementor-element-67612756 elementor-widget elementor-widget-image\" data-id=\"67612756\" data-element_type=\"widget\" data-widget_type=\"image.default\">\n\t\t\t\t<div class=\"elementor-widget-container\">\n\t\t\t\t\t\t\t\t\t\t\t\t\t\t\t<img loading=\"lazy\" decoding=\"async\" width=\"1024\" height=\"1024\" src=\"https:\/\/www.pepelekingdupoulet.nicolas-samouth.com\/www\/wp-content\/uploads\/2022\/11\/tendre-filet-frit-1024x1024.jpg\" class=\"attachment-large size-large\" alt=\"4 tendres filets frits (tenders), provenant d\u2019aiguillettes de poulet bio et fran\u00e7ais lev\u00e9s dans le filet puis pan\u00e9s dans une l\u00e9g\u00e8re tempura enrob\u00e9e de chapelure panko.\" srcset=\"https:\/\/www.pepelekingdupoulet.nicolas-samouth.com\/www\/wp-content\/uploads\/2022\/11\/tendre-filet-frit-1024x1024.jpg 1024w, https:\/\/www.pepelekingdupoulet.nicolas-samouth.com\/www\/wp-content\/uploads\/2022\/11\/tendre-filet-frit-300x300.jpg 300w, https:\/\/www.pepelekingdupoulet.nicolas-samouth.com\/www\/wp-content\/uploads\/2022\/11\/tendre-filet-frit-150x150.jpg 150w, https:\/\/www.pepelekingdupoulet.nicolas-samouth.com\/www\/wp-content\/uploads\/2022\/11\/tendre-filet-frit-768x768.jpg 768w, https:\/\/www.pepelekingdupoulet.nicolas-samouth.com\/www\/wp-content\/uploads\/2022\/11\/tendre-filet-frit.jpg 1080w\" sizes=\"auto, (max-width: 1024px) 100vw, 1024px\" \/>\t\t\t\t\t\t\t\t\t\t\t\t\t\t\t<\/div>\n\t\t\t\t<\/div>\n\t\t\t\t\t<\/div>\n\t\t<\/div>\n\t\t\t\t<div class=\"elementor-column elementor-col-50 elementor-top-column elementor-element elementor-element-507fdf72\" data-id=\"507fdf72\" data-element_type=\"column\">\n\t\t\t<div class=\"elementor-widget-wrap elementor-element-populated\">\n\t\t\t\t\t\t\t\t<div class=\"elementor-element elementor-element-7e2994b9 elementor-widget elementor-widget-heading\" data-id=\"7e2994b9\" data-element_type=\"widget\" data-widget_type=\"heading.default\">\n\t\t\t\t<div class=\"elementor-widget-container\">\n\t\t\t<style>\/*! elementor - v3.8.1 - 13-11-2022 *\/\n.elementor-heading-title{padding:0;margin:0;line-height:1}.elementor-widget-heading .elementor-heading-title[class*=elementor-size-]>a{color:inherit;font-size:inherit;line-height:inherit}.elementor-widget-heading .elementor-heading-title.elementor-size-small{font-size:15px}.elementor-widget-heading .elementor-heading-title.elementor-size-medium{font-size:19px}.elementor-widget-heading .elementor-heading-title.elementor-size-large{font-size:29px}.elementor-widget-heading .elementor-heading-title.elementor-size-xl{font-size:39px}.elementor-widget-heading .elementor-heading-title.elementor-size-xxl{font-size:59px}<\/style><h1 class=\"elementor-heading-title elementor-size-default\">Tendre filet frit X4<\/h1>\t\t<\/div>\n\t\t\t\t<\/div>\n\t\t\t\t<div class=\"elementor-element elementor-element-436fee30 elementor-widget elementor-widget-text-editor\" data-id=\"436fee30\" data-element_type=\"widget\" data-widget_type=\"text-editor.default\">\n\t\t\t\t<div class=\"elementor-widget-container\">\n\t\t\t<style>\/*! elementor - v3.8.1 - 13-11-2022 *\/\n.elementor-widget-text-editor.elementor-drop-cap-view-stacked .elementor-drop-cap{background-color:#818a91;color:#fff}.elementor-widget-text-editor.elementor-drop-cap-view-framed .elementor-drop-cap{color:#818a91;border:3px solid;background-color:transparent}.elementor-widget-text-editor:not(.elementor-drop-cap-view-default) .elementor-drop-cap{margin-top:8px}.elementor-widget-text-editor:not(.elementor-drop-cap-view-default) .elementor-drop-cap-letter{width:1em;height:1em}.elementor-widget-text-editor .elementor-drop-cap{float:left;text-align:center;line-height:1;font-size:50px}.elementor-widget-text-editor .elementor-drop-cap-letter{display:inline-block}<\/style>\t\t\t\t<p>4 tendres filets frits, provenant d&rsquo;aiguillettes de poulet bio et fran\u00e7ais lev\u00e9es dans le filet puis pan\u00e9es dans une l\u00e9g\u00e8re tempura enrob\u00e9e de chapelure panko. La recette parfaite pour une tendret\u00e9 exceptionnelle de la chair, alli\u00e9e au meilleur croustillant.<span style=\"background-color: var(--ast-global-color-5);\"><font color=\"rgba(0, 0, 0, 0)\" face=\"var( --e-global-typography-text-font-family ), Sans-serif\"><span style=\"font-size: 1rem; font-weight: var( --e-global-typography-text-font-weight );\">&nbsp;<\/span><\/font><\/span><\/p>\t\t\t\t\t\t<\/div>\n\t\t\t\t<\/div>\n\t\t\t\t<div class=\"elementor-element elementor-element-4c15df79 elementor-widget elementor-widget-heading\" data-id=\"4c15df79\" data-element_type=\"widget\" data-widget_type=\"heading.default\">\n\t\t\t\t<div class=\"elementor-widget-container\">\n\t\t\t<h2 class=\"elementor-heading-title elementor-size-default\">4\u20ac80<\/h2>\t\t<\/div>\n\t\t\t\t<\/div>\n\t\t\t\t\t<\/div>\n\t\t<\/div>\n\t\t\t\t\t\t\t<\/div>\n\t\t<\/section>\n\t\t\t\t<section class=\"elementor-section elementor-top-section elementor-element elementor-element-36301010 elementor-section-boxed elementor-section-height-default elementor-section-height-default\" data-id=\"36301010\" data-element_type=\"section\">\n\t\t\t\t\t\t<div class=\"elementor-container elementor-column-gap-default\">\n\t\t\t\t\t<div class=\"elementor-column elementor-col-100 elementor-top-column elementor-element elementor-element-67354093\" data-id=\"67354093\" data-element_type=\"column\">\n\t\t\t<div class=\"elementor-widget-wrap\">\n\t\t\t\t\t\t\t\t\t<\/div>\n\t\t<\/div>\n\t\t\t\t\t\t\t<\/div>\n\t\t<\/section>\n\t\t\t\t<section class=\"elementor-section elementor-top-section elementor-element elementor-element-241bdb78 elementor-section-boxed elementor-section-height-default elementor-section-height-default\" data-id=\"241bdb78\" data-element_type=\"section\">\n\t\t\t\t\t\t<div class=\"elementor-container elementor-column-gap-default\">\n\t\t\t\t\t<div class=\"elementor-column elementor-col-100 elementor-top-column elementor-element elementor-element-486fc3e6\" data-id=\"486fc3e6\" data-element_type=\"column\">\n\t\t\t<div class=\"elementor-widget-wrap elementor-element-populated\">\n\t\t\t\t\t\t\t\t<div class=\"elementor-element elementor-element-1bf822c2 elementor-widget elementor-widget-image\" data-id=\"1bf822c2\" data-element_type=\"widget\" data-widget_type=\"image.default\">\n\t\t\t\t<div class=\"elementor-widget-container\">\n\t\t\t\t\t\t\t\t\t\t\t\t\t\t\t<img loading=\"lazy\" decoding=\"async\" width=\"1024\" height=\"35\" src=\"https:\/\/www.pepelekingdupoulet.nicolas-samouth.com\/www\/wp-content\/uploads\/2022\/10\/calque-forme-noir-blanc-svg-min-1024x35.png\" class=\"attachment-large size-large\" alt=\"bandeau motif pied de poule noir\" srcset=\"https:\/\/www.pepelekingdupoulet.nicolas-samouth.com\/www\/wp-content\/uploads\/2022\/10\/calque-forme-noir-blanc-svg-min-1024x35.png 1024w, https:\/\/www.pepelekingdupoulet.nicolas-samouth.com\/www\/wp-content\/uploads\/2022\/10\/calque-forme-noir-blanc-svg-min-300x10.png 300w, https:\/\/www.pepelekingdupoulet.nicolas-samouth.com\/www\/wp-content\/uploads\/2022\/10\/calque-forme-noir-blanc-svg-min-768x26.png 768w, https:\/\/www.pepelekingdupoulet.nicolas-samouth.com\/www\/wp-content\/uploads\/2022\/10\/calque-forme-noir-blanc-svg-min.png 1384w\" sizes=\"auto, (max-width: 1024px) 100vw, 1024px\" \/>\t\t\t\t\t\t\t\t\t\t\t\t\t\t\t<\/div>\n\t\t\t\t<\/div>\n\t\t\t\t\t<\/div>\n\t\t<\/div>\n\t\t\t\t\t\t\t<\/div>\n\t\t<\/section>\n\t\t\t\t\t\t\t<\/div>\n\t\t","protected":false},"excerpt":{"rendered":"<p>Tendre filet frit X4 4 tendres filets frits, provenant d&rsquo;aiguillettes de poulet bio et fran\u00e7ais lev\u00e9es dans le filet puis pan\u00e9es dans une l\u00e9g\u00e8re tempura enrob\u00e9e de chapelure panko. La recette parfaite pour une tendret\u00e9 exceptionnelle de la chair, alli\u00e9e au meilleur croustillant.&nbsp; 4\u20ac80<\/p>\n","protected":false},"author":1,"featured_media":0,"parent":0,"menu_order":0,"comment_status":"closed","ping_status":"closed","template":"","meta":{"site-sidebar-layout":"no-sidebar","site-content-layout":"page-builder","ast-global-header-display":"","ast-main-header-display":"","ast-hfb-above-header-display":"","ast-hfb-below-header-display":"","ast-hfb-mobile-header-display":"","site-post-title":"disabled","ast-breadcrumbs-content":"","ast-featured-img":"disabled","footer-sml-layout":"","theme-transparent-header-meta":"","adv-header-id-meta":"","stick-header-meta":"","header-above-stick-meta":"","header-main-stick-meta":"","header-below-stick-meta":"","footnotes":""},"class_list":["post-519","page","type-page","status-publish","hentry"],"yoast_head":"<!-- This site is optimized with the Yoast SEO plugin v19.10 - https:\/\/yoast.com\/wordpress\/plugins\/seo\/ -->\n<title>Tendre filet frit - pepelekingdupoulet<\/title>\n<meta name=\"description\" content=\"4 tendres filets frits, provenant d\u2019aiguillettes de poulet bio et fran\u00e7ais lev\u00e9s dans le filet puis pan\u00e9s dans une l\u00e9g\u00e8re tempura enrob\u00e9e de chapelure panko. La recette parfaite pour une tendret\u00e9 exceptionnelle de la chair, alli\u00e9 au meilleur croustillant.\" \/>\n<meta name=\"robots\" content=\"index, follow, max-snippet:-1, max-image-preview:large, max-video-preview:-1\" \/>\n<link rel=\"canonical\" href=\"https:\/\/www.pepelekingdupoulet.nicolas-samouth.com\/www\/index.php\/tendre-filet-frit\/\" \/>\n<meta property=\"og:locale\" content=\"fr_FR\" \/>\n<meta property=\"og:type\" content=\"article\" \/>\n<meta property=\"og:title\" content=\"Tendre filet frit - pepelekingdupoulet\" \/>\n<meta property=\"og:description\" content=\"4 tendres filets frits, provenant d\u2019aiguillettes de poulet bio et fran\u00e7ais lev\u00e9s dans le filet puis pan\u00e9s dans une l\u00e9g\u00e8re tempura enrob\u00e9e de chapelure panko. La recette parfaite pour une tendret\u00e9 exceptionnelle de la chair, alli\u00e9 au meilleur croustillant.\" \/>\n<meta property=\"og:url\" content=\"https:\/\/www.pepelekingdupoulet.nicolas-samouth.com\/www\/index.php\/tendre-filet-frit\/\" \/>\n<meta property=\"og:site_name\" content=\"pepelekingdupoulet\" \/>\n<meta property=\"article:modified_time\" content=\"2022-12-18T12:00:18+00:00\" \/>\n<meta property=\"og:image\" content=\"http:\/\/www.pepelekingdupoulet.nicolas-samouth.com\/www\/wp-content\/uploads\/2022\/10\/calque-forme-noir-blanc-svg-min-1024x35.png\" \/>\n<meta name=\"twitter:card\" content=\"summary_large_image\" \/>\n<meta name=\"twitter:label1\" content=\"Dur\u00e9e de lecture estim\u00e9e\" \/>\n\t<meta name=\"twitter:data1\" content=\"1 minute\" \/>\n<script type=\"application\/ld+json\" class=\"yoast-schema-graph\">{\"@context\":\"https:\/\/schema.org\",\"@graph\":[{\"@type\":\"WebPage\",\"@id\":\"https:\/\/www.pepelekingdupoulet.nicolas-samouth.com\/www\/index.php\/tendre-filet-frit\/\",\"url\":\"https:\/\/www.pepelekingdupoulet.nicolas-samouth.com\/www\/index.php\/tendre-filet-frit\/\",\"name\":\"Tendre filet frit - pepelekingdupoulet\",\"isPartOf\":{\"@id\":\"https:\/\/www.pepelekingdupoulet.nicolas-samouth.com\/www\/#website\"},\"datePublished\":\"2022-11-19T15:32:09+00:00\",\"dateModified\":\"2022-12-18T12:00:18+00:00\",\"description\":\"4 tendres filets frits, provenant d\u2019aiguillettes de poulet bio et fran\u00e7ais lev\u00e9s dans le filet puis pan\u00e9s dans une l\u00e9g\u00e8re tempura enrob\u00e9e de chapelure panko. La recette parfaite pour une tendret\u00e9 exceptionnelle de la chair, alli\u00e9 au meilleur croustillant.\",\"breadcrumb\":{\"@id\":\"https:\/\/www.pepelekingdupoulet.nicolas-samouth.com\/www\/index.php\/tendre-filet-frit\/#breadcrumb\"},\"inLanguage\":\"fr-FR\",\"potentialAction\":[{\"@type\":\"ReadAction\",\"target\":[\"https:\/\/www.pepelekingdupoulet.nicolas-samouth.com\/www\/index.php\/tendre-filet-frit\/\"]}]},{\"@type\":\"BreadcrumbList\",\"@id\":\"https:\/\/www.pepelekingdupoulet.nicolas-samouth.com\/www\/index.php\/tendre-filet-frit\/#breadcrumb\",\"itemListElement\":[{\"@type\":\"ListItem\",\"position\":1,\"name\":\"Accueil\",\"item\":\"https:\/\/www.pepelekingdupoulet.nicolas-samouth.com\/www\/\"},{\"@type\":\"ListItem\",\"position\":2,\"name\":\"Tendre filet frit\"}]},{\"@type\":\"WebSite\",\"@id\":\"https:\/\/www.pepelekingdupoulet.nicolas-samouth.com\/www\/#website\",\"url\":\"https:\/\/www.pepelekingdupoulet.nicolas-samouth.com\/www\/\",\"name\":\"pepelekingdupoulet\",\"description\":\"Le king du poulet c&#039;est P\u00e9p\u00e9 !\",\"potentialAction\":[{\"@type\":\"SearchAction\",\"target\":{\"@type\":\"EntryPoint\",\"urlTemplate\":\"https:\/\/www.pepelekingdupoulet.nicolas-samouth.com\/www\/?s={search_term_string}\"},\"query-input\":\"required name=search_term_string\"}],\"inLanguage\":\"fr-FR\"}]}<\/script>\n<!-- \/ Yoast SEO plugin. -->","yoast_head_json":{"title":"Tendre filet frit - pepelekingdupoulet","description":"4 tendres filets frits, provenant d\u2019aiguillettes de poulet bio et fran\u00e7ais lev\u00e9s dans le filet puis pan\u00e9s dans une l\u00e9g\u00e8re tempura enrob\u00e9e de chapelure panko. La recette parfaite pour une tendret\u00e9 exceptionnelle de la chair, alli\u00e9 au meilleur croustillant.","robots":{"index":"index","follow":"follow","max-snippet":"max-snippet:-1","max-image-preview":"max-image-preview:large","max-video-preview":"max-video-preview:-1"},"canonical":"https:\/\/www.pepelekingdupoulet.nicolas-samouth.com\/www\/index.php\/tendre-filet-frit\/","og_locale":"fr_FR","og_type":"article","og_title":"Tendre filet frit - pepelekingdupoulet","og_description":"4 tendres filets frits, provenant d\u2019aiguillettes de poulet bio et fran\u00e7ais lev\u00e9s dans le filet puis pan\u00e9s dans une l\u00e9g\u00e8re tempura enrob\u00e9e de chapelure panko. La recette parfaite pour une tendret\u00e9 exceptionnelle de la chair, alli\u00e9 au meilleur croustillant.","og_url":"https:\/\/www.pepelekingdupoulet.nicolas-samouth.com\/www\/index.php\/tendre-filet-frit\/","og_site_name":"pepelekingdupoulet","article_modified_time":"2022-12-18T12:00:18+00:00","og_image":[{"url":"http:\/\/www.pepelekingdupoulet.nicolas-samouth.com\/www\/wp-content\/uploads\/2022\/10\/calque-forme-noir-blanc-svg-min-1024x35.png"}],"twitter_card":"summary_large_image","twitter_misc":{"Dur\u00e9e de lecture estim\u00e9e":"1 minute"},"schema":{"@context":"https:\/\/schema.org","@graph":[{"@type":"WebPage","@id":"https:\/\/www.pepelekingdupoulet.nicolas-samouth.com\/www\/index.php\/tendre-filet-frit\/","url":"https:\/\/www.pepelekingdupoulet.nicolas-samouth.com\/www\/index.php\/tendre-filet-frit\/","name":"Tendre filet frit - pepelekingdupoulet","isPartOf":{"@id":"https:\/\/www.pepelekingdupoulet.nicolas-samouth.com\/www\/#website"},"datePublished":"2022-11-19T15:32:09+00:00","dateModified":"2022-12-18T12:00:18+00:00","description":"4 tendres filets frits, provenant d\u2019aiguillettes de poulet bio et fran\u00e7ais lev\u00e9s dans le filet puis pan\u00e9s dans une l\u00e9g\u00e8re tempura enrob\u00e9e de chapelure panko. La recette parfaite pour une tendret\u00e9 exceptionnelle de la chair, alli\u00e9 au meilleur croustillant.","breadcrumb":{"@id":"https:\/\/www.pepelekingdupoulet.nicolas-samouth.com\/www\/index.php\/tendre-filet-frit\/#breadcrumb"},"inLanguage":"fr-FR","potentialAction":[{"@type":"ReadAction","target":["https:\/\/www.pepelekingdupoulet.nicolas-samouth.com\/www\/index.php\/tendre-filet-frit\/"]}]},{"@type":"BreadcrumbList","@id":"https:\/\/www.pepelekingdupoulet.nicolas-samouth.com\/www\/index.php\/tendre-filet-frit\/#breadcrumb","itemListElement":[{"@type":"ListItem","position":1,"name":"Accueil","item":"https:\/\/www.pepelekingdupoulet.nicolas-samouth.com\/www\/"},{"@type":"ListItem","position":2,"name":"Tendre filet frit"}]},{"@type":"WebSite","@id":"https:\/\/www.pepelekingdupoulet.nicolas-samouth.com\/www\/#website","url":"https:\/\/www.pepelekingdupoulet.nicolas-samouth.com\/www\/","name":"pepelekingdupoulet","description":"Le king du poulet c&#039;est P\u00e9p\u00e9 !","potentialAction":[{"@type":"SearchAction","target":{"@type":"EntryPoint","urlTemplate":"https:\/\/www.pepelekingdupoulet.nicolas-samouth.com\/www\/?s={search_term_string}"},"query-input":"required name=search_term_string"}],"inLanguage":"fr-FR"}]}},"_links":{"self":[{"href":"https:\/\/www.pepelekingdupoulet.nicolas-samouth.com\/www\/index.php\/wp-json\/wp\/v2\/pages\/519","targetHints":{"allow":["GET"]}}],"collection":[{"href":"https:\/\/www.pepelekingdupoulet.nicolas-samouth.com\/www\/index.php\/wp-json\/wp\/v2\/pages"}],"about":[{"href":"https:\/\/www.pepelekingdupoulet.nicolas-samouth.com\/www\/index.php\/wp-json\/wp\/v2\/types\/page"}],"author":[{"embeddable":true,"href":"https:\/\/www.pepelekingdupoulet.nicolas-samouth.com\/www\/index.php\/wp-json\/wp\/v2\/users\/1"}],"replies":[{"embeddable":true,"href":"https:\/\/www.pepelekingdupoulet.nicolas-samouth.com\/www\/index.php\/wp-json\/wp\/v2\/comments?post=519"}],"version-history":[{"count":23,"href":"https:\/\/www.pepelekingdupoulet.nicolas-samouth.com\/www\/index.php\/wp-json\/wp\/v2\/pages\/519\/revisions"}],"predecessor-version":[{"id":1991,"href":"https:\/\/www.pepelekingdupoulet.nicolas-samouth.com\/www\/index.php\/wp-json\/wp\/v2\/pages\/519\/revisions\/1991"}],"wp:attachment":[{"href":"https:\/\/www.pepelekingdupoulet.nicolas-samouth.com\/www\/index.php\/wp-json\/wp\/v2\/media?parent=519"}],"curies":[{"name":"wp","href":"https:\/\/api.w.org\/{rel}","templated":true}]}}