{"id":463,"date":"2022-11-19T14:58:13","date_gmt":"2022-11-19T13:58:13","guid":{"rendered":"https:\/\/www.pepelekingdupoulet.nicolas-samouth.com\/www\/?page_id=463"},"modified":"2022-12-12T13:59:48","modified_gmt":"2022-12-12T12:59:48","slug":"picpepe","status":"publish","type":"page","link":"https:\/\/www.pepelekingdupoulet.nicolas-samouth.com\/www\/index.php\/picpepe\/","title":{"rendered":"Pic&rsquo;P\u00e9p\u00e9"},"content":{"rendered":"\t\t<div data-elementor-type=\"wp-page\" data-elementor-id=\"463\" class=\"elementor elementor-463\">\n\t\t\t\t\t\t\t\t\t<section class=\"elementor-section elementor-top-section elementor-element elementor-element-5a53039 elementor-section-boxed elementor-section-height-default elementor-section-height-default\" data-id=\"5a53039\" data-element_type=\"section\">\n\t\t\t\t\t\t<div class=\"elementor-container elementor-column-gap-default\">\n\t\t\t\t\t<div class=\"elementor-column elementor-col-100 elementor-top-column elementor-element elementor-element-358fa14\" data-id=\"358fa14\" data-element_type=\"column\">\n\t\t\t<div class=\"elementor-widget-wrap elementor-element-populated\">\n\t\t\t\t\t\t\t\t<div class=\"elementor-element elementor-element-c2c0994 elementor-widget elementor-widget-image\" data-id=\"c2c0994\" data-element_type=\"widget\" data-widget_type=\"image.default\">\n\t\t\t\t<div class=\"elementor-widget-container\">\n\t\t\t<style>\/*! elementor - v3.8.1 - 13-11-2022 *\/\n.elementor-widget-image{text-align:center}.elementor-widget-image a{display:inline-block}.elementor-widget-image a img[src$=\".svg\"]{width:48px}.elementor-widget-image img{vertical-align:middle;display:inline-block}<\/style>\t\t\t\t\t\t\t\t\t\t\t\t<img loading=\"lazy\" decoding=\"async\" width=\"1024\" height=\"35\" src=\"https:\/\/www.pepelekingdupoulet.nicolas-samouth.com\/www\/wp-content\/uploads\/2022\/10\/calque-forme-noir-blanc-svg-min-1024x35.png\" class=\"attachment-large size-large\" alt=\"bandeau motif pied de poule noir\" srcset=\"https:\/\/www.pepelekingdupoulet.nicolas-samouth.com\/www\/wp-content\/uploads\/2022\/10\/calque-forme-noir-blanc-svg-min-1024x35.png 1024w, https:\/\/www.pepelekingdupoulet.nicolas-samouth.com\/www\/wp-content\/uploads\/2022\/10\/calque-forme-noir-blanc-svg-min-300x10.png 300w, https:\/\/www.pepelekingdupoulet.nicolas-samouth.com\/www\/wp-content\/uploads\/2022\/10\/calque-forme-noir-blanc-svg-min-768x26.png 768w, https:\/\/www.pepelekingdupoulet.nicolas-samouth.com\/www\/wp-content\/uploads\/2022\/10\/calque-forme-noir-blanc-svg-min.png 1384w\" sizes=\"auto, (max-width: 1024px) 100vw, 1024px\" \/>\t\t\t\t\t\t\t\t\t\t\t\t\t\t\t<\/div>\n\t\t\t\t<\/div>\n\t\t\t\t\t<\/div>\n\t\t<\/div>\n\t\t\t\t\t\t\t<\/div>\n\t\t<\/section>\n\t\t\t\t<section class=\"elementor-section elementor-top-section elementor-element elementor-element-2e83532 elementor-section-boxed elementor-section-height-default elementor-section-height-default\" data-id=\"2e83532\" data-element_type=\"section\">\n\t\t\t\t\t\t<div class=\"elementor-container elementor-column-gap-default\">\n\t\t\t\t\t<div class=\"elementor-column elementor-col-50 elementor-top-column elementor-element elementor-element-9c1bcc0\" data-id=\"9c1bcc0\" data-element_type=\"column\">\n\t\t\t<div class=\"elementor-widget-wrap elementor-element-populated\">\n\t\t\t\t\t\t\t\t<div class=\"elementor-element elementor-element-e35f49b elementor-widget elementor-widget-image\" data-id=\"e35f49b\" data-element_type=\"widget\" data-widget_type=\"image.default\">\n\t\t\t\t<div class=\"elementor-widget-container\">\n\t\t\t\t\t\t\t\t\t\t\t\t\t\t\t<img loading=\"lazy\" decoding=\"async\" width=\"1024\" height=\"1024\" src=\"https:\/\/www.pepelekingdupoulet.nicolas-samouth.com\/www\/wp-content\/uploads\/2022\/11\/pic-pepe-1024x1024.jpg\" class=\"attachment-large size-large\" alt=\"1 Brochette de boulettes de volaille Bio \u00e0 la sauce fromag\u00e8re soupoudr\u00e9e de curry, 1 Kroust\u2019i saucisse de volaille Bio, 1 Brochette de boulettes de volaille Bio \u00e0 la sauce aigre-douce.\" srcset=\"https:\/\/www.pepelekingdupoulet.nicolas-samouth.com\/www\/wp-content\/uploads\/2022\/11\/pic-pepe-1024x1024.jpg 1024w, https:\/\/www.pepelekingdupoulet.nicolas-samouth.com\/www\/wp-content\/uploads\/2022\/11\/pic-pepe-300x300.jpg 300w, https:\/\/www.pepelekingdupoulet.nicolas-samouth.com\/www\/wp-content\/uploads\/2022\/11\/pic-pepe-150x150.jpg 150w, https:\/\/www.pepelekingdupoulet.nicolas-samouth.com\/www\/wp-content\/uploads\/2022\/11\/pic-pepe-768x768.jpg 768w, https:\/\/www.pepelekingdupoulet.nicolas-samouth.com\/www\/wp-content\/uploads\/2022\/11\/pic-pepe.jpg 1080w\" sizes=\"auto, (max-width: 1024px) 100vw, 1024px\" \/>\t\t\t\t\t\t\t\t\t\t\t\t\t\t\t<\/div>\n\t\t\t\t<\/div>\n\t\t\t\t\t<\/div>\n\t\t<\/div>\n\t\t\t\t<div class=\"elementor-column elementor-col-50 elementor-top-column elementor-element elementor-element-c99d251\" data-id=\"c99d251\" data-element_type=\"column\">\n\t\t\t<div class=\"elementor-widget-wrap elementor-element-populated\">\n\t\t\t\t\t\t\t\t<div class=\"elementor-element elementor-element-90a1f82 elementor-widget elementor-widget-heading\" data-id=\"90a1f82\" data-element_type=\"widget\" data-widget_type=\"heading.default\">\n\t\t\t\t<div class=\"elementor-widget-container\">\n\t\t\t<style>\/*! elementor - v3.8.1 - 13-11-2022 *\/\n.elementor-heading-title{padding:0;margin:0;line-height:1}.elementor-widget-heading .elementor-heading-title[class*=elementor-size-]>a{color:inherit;font-size:inherit;line-height:inherit}.elementor-widget-heading .elementor-heading-title.elementor-size-small{font-size:15px}.elementor-widget-heading .elementor-heading-title.elementor-size-medium{font-size:19px}.elementor-widget-heading .elementor-heading-title.elementor-size-large{font-size:29px}.elementor-widget-heading .elementor-heading-title.elementor-size-xl{font-size:39px}.elementor-widget-heading .elementor-heading-title.elementor-size-xxl{font-size:59px}<\/style><h1 class=\"elementor-heading-title elementor-size-default\">Pic'P\u00e9p\u00e9<\/h1>\t\t<\/div>\n\t\t\t\t<\/div>\n\t\t\t\t<div class=\"elementor-element elementor-element-71992be elementor-widget elementor-widget-text-editor\" data-id=\"71992be\" data-element_type=\"widget\" data-widget_type=\"text-editor.default\">\n\t\t\t\t<div class=\"elementor-widget-container\">\n\t\t\t<style>\/*! elementor - v3.8.1 - 13-11-2022 *\/\n.elementor-widget-text-editor.elementor-drop-cap-view-stacked .elementor-drop-cap{background-color:#818a91;color:#fff}.elementor-widget-text-editor.elementor-drop-cap-view-framed .elementor-drop-cap{color:#818a91;border:3px solid;background-color:transparent}.elementor-widget-text-editor:not(.elementor-drop-cap-view-default) .elementor-drop-cap{margin-top:8px}.elementor-widget-text-editor:not(.elementor-drop-cap-view-default) .elementor-drop-cap-letter{width:1em;height:1em}.elementor-widget-text-editor .elementor-drop-cap{float:left;text-align:center;line-height:1;font-size:50px}.elementor-widget-text-editor .elementor-drop-cap-letter{display:inline-block}<\/style>\t\t\t\t<p><span style=\"color: var( --e-global-color-text ); font-family: var( --e-global-typography-text-font-family ), Sans-serif; font-weight: var( --e-global-typography-text-font-weight ); background-color: var(--ast-global-color-5); font-size: 1rem;\">1 Brochette de boulettes de volaille Bio \u00e0 la sauce fromag\u00e8re soupoudr\u00e9e de curry,&nbsp;<\/span>1 Kroust&rsquo;i saucisse de volaille Bio, 1 Brochette de boulettes de volaille Bio \u00e0 la sauce aigre-douce.<\/p>\n<p>Parfait pour l&rsquo;ap\u00e9ritif !<\/p>\t\t\t\t\t\t<\/div>\n\t\t\t\t<\/div>\n\t\t\t\t<div class=\"elementor-element elementor-element-5413308 elementor-widget elementor-widget-heading\" data-id=\"5413308\" data-element_type=\"widget\" data-widget_type=\"heading.default\">\n\t\t\t\t<div class=\"elementor-widget-container\">\n\t\t\t<h2 class=\"elementor-heading-title elementor-size-default\">5\u20ac50<\/h2>\t\t<\/div>\n\t\t\t\t<\/div>\n\t\t\t\t\t<\/div>\n\t\t<\/div>\n\t\t\t\t\t\t\t<\/div>\n\t\t<\/section>\n\t\t\t\t<section class=\"elementor-section elementor-top-section elementor-element elementor-element-f9b7352 elementor-section-boxed elementor-section-height-default elementor-section-height-default\" data-id=\"f9b7352\" data-element_type=\"section\">\n\t\t\t\t\t\t<div class=\"elementor-container elementor-column-gap-default\">\n\t\t\t\t\t<div class=\"elementor-column elementor-col-100 elementor-top-column elementor-element elementor-element-043119c\" data-id=\"043119c\" data-element_type=\"column\">\n\t\t\t<div class=\"elementor-widget-wrap\">\n\t\t\t\t\t\t\t\t\t<\/div>\n\t\t<\/div>\n\t\t\t\t\t\t\t<\/div>\n\t\t<\/section>\n\t\t\t\t<section class=\"elementor-section elementor-top-section elementor-element elementor-element-67a8ad4 elementor-section-boxed elementor-section-height-default elementor-section-height-default\" data-id=\"67a8ad4\" data-element_type=\"section\">\n\t\t\t\t\t\t<div class=\"elementor-container elementor-column-gap-default\">\n\t\t\t\t\t<div class=\"elementor-column elementor-col-100 elementor-top-column elementor-element elementor-element-aa09e4f\" data-id=\"aa09e4f\" data-element_type=\"column\">\n\t\t\t<div class=\"elementor-widget-wrap elementor-element-populated\">\n\t\t\t\t\t\t\t\t<div class=\"elementor-element elementor-element-2cd9a0c elementor-widget elementor-widget-image\" data-id=\"2cd9a0c\" data-element_type=\"widget\" data-widget_type=\"image.default\">\n\t\t\t\t<div class=\"elementor-widget-container\">\n\t\t\t\t\t\t\t\t\t\t\t\t\t\t\t<img loading=\"lazy\" decoding=\"async\" width=\"1024\" height=\"35\" src=\"https:\/\/www.pepelekingdupoulet.nicolas-samouth.com\/www\/wp-content\/uploads\/2022\/10\/calque-forme-noir-blanc-svg-min-1024x35.png\" class=\"attachment-large size-large\" alt=\"bandeau motif pied de poule noir\" srcset=\"https:\/\/www.pepelekingdupoulet.nicolas-samouth.com\/www\/wp-content\/uploads\/2022\/10\/calque-forme-noir-blanc-svg-min-1024x35.png 1024w, https:\/\/www.pepelekingdupoulet.nicolas-samouth.com\/www\/wp-content\/uploads\/2022\/10\/calque-forme-noir-blanc-svg-min-300x10.png 300w, https:\/\/www.pepelekingdupoulet.nicolas-samouth.com\/www\/wp-content\/uploads\/2022\/10\/calque-forme-noir-blanc-svg-min-768x26.png 768w, https:\/\/www.pepelekingdupoulet.nicolas-samouth.com\/www\/wp-content\/uploads\/2022\/10\/calque-forme-noir-blanc-svg-min.png 1384w\" sizes=\"auto, (max-width: 1024px) 100vw, 1024px\" \/>\t\t\t\t\t\t\t\t\t\t\t\t\t\t\t<\/div>\n\t\t\t\t<\/div>\n\t\t\t\t\t<\/div>\n\t\t<\/div>\n\t\t\t\t\t\t\t<\/div>\n\t\t<\/section>\n\t\t\t\t\t\t\t<\/div>\n\t\t","protected":false},"excerpt":{"rendered":"<p>Pic&rsquo;P\u00e9p\u00e9 1 Brochette de boulettes de volaille Bio \u00e0 la sauce fromag\u00e8re soupoudr\u00e9e de curry,&nbsp;1 Kroust&rsquo;i saucisse de volaille Bio, 1 Brochette de boulettes de volaille Bio \u00e0 la sauce aigre-douce. Parfait pour l&rsquo;ap\u00e9ritif ! 5\u20ac50<\/p>\n","protected":false},"author":1,"featured_media":0,"parent":0,"menu_order":0,"comment_status":"closed","ping_status":"closed","template":"","meta":{"site-sidebar-layout":"no-sidebar","site-content-layout":"page-builder","ast-global-header-display":"","ast-main-header-display":"","ast-hfb-above-header-display":"","ast-hfb-below-header-display":"","ast-hfb-mobile-header-display":"","site-post-title":"disabled","ast-breadcrumbs-content":"","ast-featured-img":"disabled","footer-sml-layout":"","theme-transparent-header-meta":"","adv-header-id-meta":"","stick-header-meta":"","header-above-stick-meta":"","header-main-stick-meta":"","header-below-stick-meta":"","footnotes":""},"class_list":["post-463","page","type-page","status-publish","hentry"],"yoast_head":"<!-- This site is optimized with the Yoast SEO plugin v19.10 - https:\/\/yoast.com\/wordpress\/plugins\/seo\/ -->\n<title>Pic&#039;P\u00e9p\u00e9 - pepelekingdupoulet<\/title>\n<meta name=\"description\" content=\"1 Brochette de boulettes de volaille Bio \u00e0 la sauce fromag\u00e8re soupoudr\u00e9e de curry, 1 Kroust&#039;i saucisse de volaille Bio, 1 Brochette de boulettes de volaille Bio \u00e0 la sauce aigre-douce. Parfait pour l&#039;ap\u00e9ritif !\" \/>\n<meta name=\"robots\" content=\"index, follow, max-snippet:-1, max-image-preview:large, max-video-preview:-1\" \/>\n<link rel=\"canonical\" href=\"https:\/\/www.pepelekingdupoulet.nicolas-samouth.com\/www\/index.php\/picpepe\/\" \/>\n<meta property=\"og:locale\" content=\"fr_FR\" \/>\n<meta property=\"og:type\" content=\"article\" \/>\n<meta property=\"og:title\" content=\"Pic&#039;P\u00e9p\u00e9 - pepelekingdupoulet\" \/>\n<meta property=\"og:description\" content=\"1 Brochette de boulettes de volaille Bio \u00e0 la sauce fromag\u00e8re soupoudr\u00e9e de curry, 1 Kroust&#039;i saucisse de volaille Bio, 1 Brochette de boulettes de volaille Bio \u00e0 la sauce aigre-douce. Parfait pour l&#039;ap\u00e9ritif !\" \/>\n<meta property=\"og:url\" content=\"https:\/\/www.pepelekingdupoulet.nicolas-samouth.com\/www\/index.php\/picpepe\/\" \/>\n<meta property=\"og:site_name\" content=\"pepelekingdupoulet\" \/>\n<meta property=\"article:modified_time\" content=\"2022-12-12T12:59:48+00:00\" \/>\n<meta property=\"og:image\" content=\"http:\/\/www.pepelekingdupoulet.nicolas-samouth.com\/www\/wp-content\/uploads\/2022\/10\/calque-forme-noir-blanc-svg-min-1024x35.png\" \/>\n<meta name=\"twitter:card\" content=\"summary_large_image\" \/>\n<meta name=\"twitter:label1\" content=\"Dur\u00e9e de lecture estim\u00e9e\" \/>\n\t<meta name=\"twitter:data1\" content=\"1 minute\" \/>\n<script type=\"application\/ld+json\" class=\"yoast-schema-graph\">{\"@context\":\"https:\/\/schema.org\",\"@graph\":[{\"@type\":\"WebPage\",\"@id\":\"https:\/\/www.pepelekingdupoulet.nicolas-samouth.com\/www\/index.php\/picpepe\/\",\"url\":\"https:\/\/www.pepelekingdupoulet.nicolas-samouth.com\/www\/index.php\/picpepe\/\",\"name\":\"Pic'P\u00e9p\u00e9 - pepelekingdupoulet\",\"isPartOf\":{\"@id\":\"https:\/\/www.pepelekingdupoulet.nicolas-samouth.com\/www\/#website\"},\"datePublished\":\"2022-11-19T13:58:13+00:00\",\"dateModified\":\"2022-12-12T12:59:48+00:00\",\"description\":\"1 Brochette de boulettes de volaille Bio \u00e0 la sauce fromag\u00e8re soupoudr\u00e9e de curry, 1 Kroust'i saucisse de volaille Bio, 1 Brochette de boulettes de volaille Bio \u00e0 la sauce aigre-douce. Parfait pour l'ap\u00e9ritif !\",\"breadcrumb\":{\"@id\":\"https:\/\/www.pepelekingdupoulet.nicolas-samouth.com\/www\/index.php\/picpepe\/#breadcrumb\"},\"inLanguage\":\"fr-FR\",\"potentialAction\":[{\"@type\":\"ReadAction\",\"target\":[\"https:\/\/www.pepelekingdupoulet.nicolas-samouth.com\/www\/index.php\/picpepe\/\"]}]},{\"@type\":\"BreadcrumbList\",\"@id\":\"https:\/\/www.pepelekingdupoulet.nicolas-samouth.com\/www\/index.php\/picpepe\/#breadcrumb\",\"itemListElement\":[{\"@type\":\"ListItem\",\"position\":1,\"name\":\"Accueil\",\"item\":\"https:\/\/www.pepelekingdupoulet.nicolas-samouth.com\/www\/\"},{\"@type\":\"ListItem\",\"position\":2,\"name\":\"Pic&rsquo;P\u00e9p\u00e9\"}]},{\"@type\":\"WebSite\",\"@id\":\"https:\/\/www.pepelekingdupoulet.nicolas-samouth.com\/www\/#website\",\"url\":\"https:\/\/www.pepelekingdupoulet.nicolas-samouth.com\/www\/\",\"name\":\"pepelekingdupoulet\",\"description\":\"Le king du poulet c&#039;est P\u00e9p\u00e9 !\",\"potentialAction\":[{\"@type\":\"SearchAction\",\"target\":{\"@type\":\"EntryPoint\",\"urlTemplate\":\"https:\/\/www.pepelekingdupoulet.nicolas-samouth.com\/www\/?s={search_term_string}\"},\"query-input\":\"required name=search_term_string\"}],\"inLanguage\":\"fr-FR\"}]}<\/script>\n<!-- \/ Yoast SEO plugin. -->","yoast_head_json":{"title":"Pic'P\u00e9p\u00e9 - pepelekingdupoulet","description":"1 Brochette de boulettes de volaille Bio \u00e0 la sauce fromag\u00e8re soupoudr\u00e9e de curry, 1 Kroust'i saucisse de volaille Bio, 1 Brochette de boulettes de volaille Bio \u00e0 la sauce aigre-douce. Parfait pour l'ap\u00e9ritif !","robots":{"index":"index","follow":"follow","max-snippet":"max-snippet:-1","max-image-preview":"max-image-preview:large","max-video-preview":"max-video-preview:-1"},"canonical":"https:\/\/www.pepelekingdupoulet.nicolas-samouth.com\/www\/index.php\/picpepe\/","og_locale":"fr_FR","og_type":"article","og_title":"Pic'P\u00e9p\u00e9 - pepelekingdupoulet","og_description":"1 Brochette de boulettes de volaille Bio \u00e0 la sauce fromag\u00e8re soupoudr\u00e9e de curry, 1 Kroust'i saucisse de volaille Bio, 1 Brochette de boulettes de volaille Bio \u00e0 la sauce aigre-douce. Parfait pour l'ap\u00e9ritif !","og_url":"https:\/\/www.pepelekingdupoulet.nicolas-samouth.com\/www\/index.php\/picpepe\/","og_site_name":"pepelekingdupoulet","article_modified_time":"2022-12-12T12:59:48+00:00","og_image":[{"url":"http:\/\/www.pepelekingdupoulet.nicolas-samouth.com\/www\/wp-content\/uploads\/2022\/10\/calque-forme-noir-blanc-svg-min-1024x35.png"}],"twitter_card":"summary_large_image","twitter_misc":{"Dur\u00e9e de lecture estim\u00e9e":"1 minute"},"schema":{"@context":"https:\/\/schema.org","@graph":[{"@type":"WebPage","@id":"https:\/\/www.pepelekingdupoulet.nicolas-samouth.com\/www\/index.php\/picpepe\/","url":"https:\/\/www.pepelekingdupoulet.nicolas-samouth.com\/www\/index.php\/picpepe\/","name":"Pic'P\u00e9p\u00e9 - pepelekingdupoulet","isPartOf":{"@id":"https:\/\/www.pepelekingdupoulet.nicolas-samouth.com\/www\/#website"},"datePublished":"2022-11-19T13:58:13+00:00","dateModified":"2022-12-12T12:59:48+00:00","description":"1 Brochette de boulettes de volaille Bio \u00e0 la sauce fromag\u00e8re soupoudr\u00e9e de curry, 1 Kroust'i saucisse de volaille Bio, 1 Brochette de boulettes de volaille Bio \u00e0 la sauce aigre-douce. Parfait pour l'ap\u00e9ritif !","breadcrumb":{"@id":"https:\/\/www.pepelekingdupoulet.nicolas-samouth.com\/www\/index.php\/picpepe\/#breadcrumb"},"inLanguage":"fr-FR","potentialAction":[{"@type":"ReadAction","target":["https:\/\/www.pepelekingdupoulet.nicolas-samouth.com\/www\/index.php\/picpepe\/"]}]},{"@type":"BreadcrumbList","@id":"https:\/\/www.pepelekingdupoulet.nicolas-samouth.com\/www\/index.php\/picpepe\/#breadcrumb","itemListElement":[{"@type":"ListItem","position":1,"name":"Accueil","item":"https:\/\/www.pepelekingdupoulet.nicolas-samouth.com\/www\/"},{"@type":"ListItem","position":2,"name":"Pic&rsquo;P\u00e9p\u00e9"}]},{"@type":"WebSite","@id":"https:\/\/www.pepelekingdupoulet.nicolas-samouth.com\/www\/#website","url":"https:\/\/www.pepelekingdupoulet.nicolas-samouth.com\/www\/","name":"pepelekingdupoulet","description":"Le king du poulet c&#039;est P\u00e9p\u00e9 !","potentialAction":[{"@type":"SearchAction","target":{"@type":"EntryPoint","urlTemplate":"https:\/\/www.pepelekingdupoulet.nicolas-samouth.com\/www\/?s={search_term_string}"},"query-input":"required name=search_term_string"}],"inLanguage":"fr-FR"}]}},"_links":{"self":[{"href":"https:\/\/www.pepelekingdupoulet.nicolas-samouth.com\/www\/index.php\/wp-json\/wp\/v2\/pages\/463","targetHints":{"allow":["GET"]}}],"collection":[{"href":"https:\/\/www.pepelekingdupoulet.nicolas-samouth.com\/www\/index.php\/wp-json\/wp\/v2\/pages"}],"about":[{"href":"https:\/\/www.pepelekingdupoulet.nicolas-samouth.com\/www\/index.php\/wp-json\/wp\/v2\/types\/page"}],"author":[{"embeddable":true,"href":"https:\/\/www.pepelekingdupoulet.nicolas-samouth.com\/www\/index.php\/wp-json\/wp\/v2\/users\/1"}],"replies":[{"embeddable":true,"href":"https:\/\/www.pepelekingdupoulet.nicolas-samouth.com\/www\/index.php\/wp-json\/wp\/v2\/comments?post=463"}],"version-history":[{"count":30,"href":"https:\/\/www.pepelekingdupoulet.nicolas-samouth.com\/www\/index.php\/wp-json\/wp\/v2\/pages\/463\/revisions"}],"predecessor-version":[{"id":1777,"href":"https:\/\/www.pepelekingdupoulet.nicolas-samouth.com\/www\/index.php\/wp-json\/wp\/v2\/pages\/463\/revisions\/1777"}],"wp:attachment":[{"href":"https:\/\/www.pepelekingdupoulet.nicolas-samouth.com\/www\/index.php\/wp-json\/wp\/v2\/media?parent=463"}],"curies":[{"name":"wp","href":"https:\/\/api.w.org\/{rel}","templated":true}]}}