{"id":1499,"date":"2022-11-21T18:38:52","date_gmt":"2022-11-21T17:38:52","guid":{"rendered":"https:\/\/www.pepelekingdupoulet.nicolas-samouth.com\/www\/?page_id=1499"},"modified":"2022-12-12T13:48:09","modified_gmt":"2022-12-12T12:48:09","slug":"mentions-legales","status":"publish","type":"page","link":"https:\/\/www.pepelekingdupoulet.nicolas-samouth.com\/www\/index.php\/mentions-legales\/","title":{"rendered":"mentions l\u00e9gales"},"content":{"rendered":"\t\t<div data-elementor-type=\"wp-page\" data-elementor-id=\"1499\" class=\"elementor elementor-1499\">\n\t\t\t\t\t\t\t\t\t<section class=\"elementor-section elementor-top-section elementor-element elementor-element-ab9e09c elementor-section-boxed elementor-section-height-default elementor-section-height-default\" data-id=\"ab9e09c\" data-element_type=\"section\">\n\t\t\t\t\t\t<div class=\"elementor-container elementor-column-gap-default\">\n\t\t\t\t\t<div class=\"elementor-column elementor-col-100 elementor-top-column elementor-element elementor-element-62cbab9\" data-id=\"62cbab9\" data-element_type=\"column\">\n\t\t\t<div class=\"elementor-widget-wrap elementor-element-populated\">\n\t\t\t\t\t\t\t\t<div class=\"elementor-element elementor-element-32093f3 elementor-widget elementor-widget-heading\" data-id=\"32093f3\" data-element_type=\"widget\" data-widget_type=\"heading.default\">\n\t\t\t\t<div class=\"elementor-widget-container\">\n\t\t\t<style>\/*! elementor - v3.8.1 - 13-11-2022 *\/\n.elementor-heading-title{padding:0;margin:0;line-height:1}.elementor-widget-heading .elementor-heading-title[class*=elementor-size-]>a{color:inherit;font-size:inherit;line-height:inherit}.elementor-widget-heading .elementor-heading-title.elementor-size-small{font-size:15px}.elementor-widget-heading .elementor-heading-title.elementor-size-medium{font-size:19px}.elementor-widget-heading .elementor-heading-title.elementor-size-large{font-size:29px}.elementor-widget-heading .elementor-heading-title.elementor-size-xl{font-size:39px}.elementor-widget-heading .elementor-heading-title.elementor-size-xxl{font-size:59px}<\/style><h1 class=\"elementor-heading-title elementor-size-default\">Mentions l\u00e9gales<\/h1>\t\t<\/div>\n\t\t\t\t<\/div>\n\t\t\t\t\t<\/div>\n\t\t<\/div>\n\t\t\t\t\t\t\t<\/div>\n\t\t<\/section>\n\t\t\t\t<section class=\"elementor-section elementor-top-section elementor-element elementor-element-5e97ac4 elementor-section-boxed elementor-section-height-default elementor-section-height-default\" data-id=\"5e97ac4\" data-element_type=\"section\">\n\t\t\t\t\t\t<div class=\"elementor-container elementor-column-gap-default\">\n\t\t\t\t\t<div class=\"elementor-column elementor-col-100 elementor-top-column elementor-element elementor-element-1d18a7f\" data-id=\"1d18a7f\" data-element_type=\"column\">\n\t\t\t<div class=\"elementor-widget-wrap elementor-element-populated\">\n\t\t\t\t\t\t\t\t<div class=\"elementor-element elementor-element-fb95999 elementor-widget elementor-widget-text-editor\" data-id=\"fb95999\" data-element_type=\"widget\" data-widget_type=\"text-editor.default\">\n\t\t\t\t<div class=\"elementor-widget-container\">\n\t\t\t<style>\/*! elementor - v3.8.1 - 13-11-2022 *\/\n.elementor-widget-text-editor.elementor-drop-cap-view-stacked .elementor-drop-cap{background-color:#818a91;color:#fff}.elementor-widget-text-editor.elementor-drop-cap-view-framed .elementor-drop-cap{color:#818a91;border:3px solid;background-color:transparent}.elementor-widget-text-editor:not(.elementor-drop-cap-view-default) .elementor-drop-cap{margin-top:8px}.elementor-widget-text-editor:not(.elementor-drop-cap-view-default) .elementor-drop-cap-letter{width:1em;height:1em}.elementor-widget-text-editor .elementor-drop-cap{float:left;text-align:center;line-height:1;font-size:50px}.elementor-widget-text-editor .elementor-drop-cap-letter{display:inline-block}<\/style>\t\t\t\t<p>\u00ab P\u00e9p\u00e9 le Roi du poulet \u00bb<\/p>\n<p><strong>Identification de l\u2019\u00e9diteur du site : <\/strong><\/p>\n<p>\u00ab p\u00e9p\u00e9 le roi du poulet \u00bb SARL P.P.Licences<\/p>\n<p>SARL au capital social de 1 000 \u20ac<\/p>\n<p>RCS Versailles XXX XXX XXX<\/p>\n<p>TVA intracommunautaire FR XX XXX XXX&nbsp;XXX<\/p>\n<p>2 rue du G\u00e9n\u00e9ral de Gaulle 75016 Paris<\/p>\n<p>T\u00e9l\u00e9phone : 06 XX XX XX XX<\/p>\n<p>E-mail : legrosmouth@gmail.com<\/p>\n<p><strong>D\u00e9veloppement et maintenance du site : <\/strong><\/p>\n<p>Le site est d\u00e9velopp\u00e9 et maintenu par la soci\u00e9t\u00e9 :<\/p>\n<p>Nicolas Samouth, xx rue de Paris, 78000 Versailles<\/p>\n<p>SIRET: xxxxxxxxx xxxxx<\/p>\n<p><strong>H\u00e9bergement du site : <\/strong><\/p>\n<ul>\n<li>Le site est h\u00e9berg\u00e9 en France sur les serveurs de la soci\u00e9t\u00e9 :<\/li>\n<\/ul>\n<p>H\u00e9bergeur : OVH<\/p>\n<p>https:\/\/www.ovhcloud.com\/fr\/contact\/<\/p>\n<p>2 rue Kellermann 59 100 Roubaix France<\/p>\n<p>SIRET : 424 761 419 00045<\/p>\n<p>RCS&nbsp;: 424 761 419&nbsp; LILLE METROPOLE<\/p>\n<p><strong>Cookies <\/strong><\/p>\n<ul>\n<li>Sur notre site web, des cookies peuvent \u00eatre utilis\u00e9s \u00e0 plusieurs endroits. D\u2019une mani\u00e8re g\u00e9n\u00e9rale, il s\u2019agit de fichiers texte stock\u00e9s sur le disque dur de votre ordinateur, mobile par votre navigateur web. Les cookies enregistrent des informations relatives \u00e0 la navigation sur le site internet (les pages consult\u00e9es, la date et l\u2019heure de la consultation, etc.) qui pourront \u00eatre lues lors de visites ult\u00e9rieures. Autrement dit, les cookies aident \u00e0 rendre notre site Web plus convivial, plus efficace et plus fiable. Les cookies que nous utilisons g\u00e9n\u00e9ralement sont des \u00absession cookies\u00bb, qui sont automatiquement d\u00e9truits \u00e0 la fin de la visite du site web. Par d\u00e9faut, les navigateurs permettent l\u2019utilisation de cookies mais cette fonction peut aussi \u00eatre d\u00e9sactiv\u00e9e. Cependant, certains services risquent alors de ne pas \u00eatre disponibles. Il est \u00e9galement possible de supprimer manuellement les cookies apr\u00e8s leur utilisation.<\/li>\n<li><span style=\"font-style: inherit; font-weight: inherit; color: var( --e-global-color-text ); font-family: var( --e-global-typography-text-font-family ), Sans-serif; background-color: var(--ast-global-color-5);\">Les liens suivants offrent des informations sp\u00e9cifiques au regard des navigateurs les plus courants:<\/span><br><\/li>\n<\/ul>\n<p>\u25e6 Internet Explorer:&nbsp;<a href=\"http:\/\/support.microsoft.com\/gp\/cookies\/en\" target=\"_blank\" style=\"font-family: var( --e-global-typography-text-font-family ), Sans-serif; font-weight: var( --e-global-typography-text-font-weight ); font-size: 1rem;\">http:\/\/support.microsoft.com\/gp\/cookies\/en<\/a><\/p>\n<p>\u25e6 Mozilla Firefox:&nbsp;<a href=\"http:\/\/support.mozilla.com\/en-US\/kb\/Cookies\" target=\"_blank\" style=\"font-family: var( --e-global-typography-text-font-family ), Sans-serif; font-weight: var( --e-global-typography-text-font-weight ); font-size: 1rem;\">http:\/\/support.mozilla.com\/en-US\/kb\/Cookies<\/a><\/p>\n<p>\u25e6 Google Chrome:&nbsp;<a href=\"http:\/\/www.google.com\/support\/chrome\/bin\/answer.py?hl=en&amp;answ er=95647\" target=\"_blank\" style=\"font-family: var( --e-global-typography-text-font-family ), Sans-serif; font-weight: var( --e-global-typography-text-font-weight ); font-size: 1rem;\">http:\/\/www.google.com\/support\/chrome\/bin\/answer.py?hl=en&amp;answ er=95647<\/a><\/p>\n<p>\u25e6 Safari:&nbsp;<a href=\"http:\/\/support.apple.com\/kb\/PH5042\" target=\"_blank\" style=\"font-family: var( --e-global-typography-text-font-family ), Sans-serif; font-weight: var( --e-global-typography-text-font-weight ); font-size: 1rem;\">http:\/\/support.apple.com\/kb\/PH5042<\/a><\/p>\n<p>\u25e6 Opera:&nbsp;<a href=\"http:\/\/www.opera.com\/browser\/tutorials\/security\/privacy\/\" target=\"_blank\" style=\"font-family: var( --e-global-typography-text-font-family ), Sans-serif; font-weight: var( --e-global-typography-text-font-weight ); font-size: 1rem;\">http:\/\/www.opera.com\/browser\/tutorials\/security\/privacy\/<\/a><\/p>\n<p><strong>Quels types de cookies utilisons-nous et \u00e0 quelles fins ? <\/strong><\/p>\n<p>Les cookies sont de petits fichiers textes stock\u00e9s sur le disque dur de l\u2019internaute lorsqu\u2019il vient visiter le site. Ils servent \u00e0 enregistrer et \u00e0 garder en m\u00e9moire des informations sur le visiteur ou encore sur son parcours dans le site, facilitant ensuite l\u2019utilisation du site.<\/p>\n<p>Les cookies ne sont pas indispensables pour la navigation sur le site, mais s\u2019ils sont tous d\u00e9sactiv\u00e9s il se peut que vous ne puissiez pas b\u00e9n\u00e9ficier de toutes les caract\u00e9ristiques du site.<\/p>\n<ul>\n<li>Cookies de session et cookies de pr\u00e9f\u00e9rences<\/li>\n<\/ul>\n<p>Ces cookies vous permettent de r\u00e9aliser les fonctions essentielles sur notre site et veillent \u00e0 la transmission des informations de navigation n\u00e9cessaires au bon fonctionnement de notre site. Ils gardent en m\u00e9moire un \u00e9l\u00e9ment de champ d\u2019un formulaire r\u00e9p\u00e9titif durant une session de navigation.<\/p>\n<ul>\n<li>Cookies analytiques<\/li>\n<\/ul>\n<p>L\u2019utilisation de cookies analytiques nous permet d\u2019am\u00e9liorer les performances du Site, en recueillant uniquement les donn\u00e9es de connexion relatives \u00e0 la date, l\u2019heure, l\u2019adresse IP, ainsi que la progression \u00e0 travers le Site. Nous ne c\u00e9dons aucune de ces donn\u00e9es \u00e0 des tiers. Ce contr\u00f4le nous permet d\u2019apporter des am\u00e9liorations au Site, et notamment corriger les erreurs et enrichir son contenu.<\/p>\n<p><strong>A partir de quelles sources et interfaces sont collect\u00e9es vos donn\u00e9es personnelles ? <\/strong><\/p>\n<ul>\n<li>Vos donn\u00e9es personnelles sont collect\u00e9es par \u00ab p\u00e9p\u00e9 le roi du poulet \u00bb SARL P.P.Licences :<\/li>\n<li>Via le site Internet&nbsp;:&nbsp;<a href=\"https:\/\/pepelekingdupoulet.nicolas-samouth.com\/www\/\" target=\"_blank\">https:\/\/pepelekingdupoulet.nicolas-samouth.com\/www\/<\/a><\/li>\n<li>Via les r\u00e9seaux sociaux<\/li>\n<li>Elles peuvent \u00e9galement \u00eatre collect\u00e9es directement par les points de vente, via les commandes pass\u00e9es sur place ou par t\u00e9l\u00e9phone et les jeux-concours.<\/li>\n<\/ul>\n<p><strong>Quelles donn\u00e9es personnelles sont collect\u00e9es par \u00ab p\u00e9p\u00e9 le roi du poulet \u00bb ? <\/strong><\/p>\n<ul>\n<li>Conform\u00e9ment aux dispositions de la loi n\u00b078-17 dite \u00ab Informatique et Libert\u00e9s \u00bb, \u00ab p\u00e9p\u00e9 le roi du poulet \u00bb souhaite vous informer qu\u2019elle peut \u00eatre amen\u00e9e \u00e0 collecter certaines donn\u00e9es personnelles et notamment les donn\u00e9es suivantes :<\/li>\n<\/ul>\n<p>\u25e6 Votre adresse IP lors de votre visite sur le site web<\/p>\n<p>\u25e6 Toutes les informations concernant les pages que vous avez consult\u00e9es sur le site web<\/p>\n<p>\u25e6 Toutes les informations que vous nous communiquez volontairement (nom, pr\u00e9nom, adresse email, adresse postale, num\u00e9ro de t\u00e9l\u00e9phone\u2026) par exemple en renseignant les formulaires pr\u00e9sents sur le site web, via les r\u00e9seaux sociaux, dans le cadre d\u2019enqu\u00eates auxquelles vous participez, jeuxconcours, etc\u2026<\/p>\n<p><strong>Que fait \u00ab p\u00e9p\u00e9 le roi du poulet \u00bb de vos donn\u00e9es personnelles collect\u00e9es ? <\/strong><\/p>\n<ul>\n<li>Les informations collect\u00e9es par \u00ab&nbsp;p\u00e9p\u00e9 le roi du poulet&nbsp;\u00bb sont principalement utilis\u00e9es pour les finalit\u00e9s suivantes :<\/li>\n<\/ul>\n<p>\u25e6 La sauvegarde des donn\u00e9es collect\u00e9es.<\/p>\n<p>\u25e6 La gestion des demandes r\u00e9alis\u00e9es au travers des diff\u00e9rents formulaires disponibles sur le site web (par ex. la gestion des demandes d\u2019information sur les produits et les offres, le d\u00e9p\u00f4t de candidature afin de devenir un partenaire \u00ab p\u00e9p\u00e9 le roi du poulet \u00bb, le d\u00e9p\u00f4t de candidature pour rejoindre P\u00e9p\u00e9 le roi du poulet en tant qu\u2019\u00e9quipier, les propositions de local commercial\u2026).<\/p>\n<p>\u25e6 La prospection commerciale, par l\u2019envoi d\u2019informations concernant les produits et les offres \u00ab p\u00e9p\u00e9 le roi du poulet \u00bb (si vous n\u2019\u00eates pas client de \u00ab p\u00e9p\u00e9 le roi du poulet \u00bb et que vous souhaitez recevoir les informations sur nos produits, il vous suffit de cocher les cases pr\u00e9vues \u00e0 cet effet sur les diff\u00e9rents formulaires disponibles en ligne).<\/p>\n<p>\u25e6 La r\u00e9alisation d\u2019analyses statistiques sur l\u2019utilisation du site web&nbsp;: \u00ab<a href=\"https:\/\/pepelekingdupoulet.nicolas-samouth.com\/www\/\" target=\"_blank\">https:\/\/pepelekingdupoulet.nicolas-samouth.com\/www\/<\/a>&nbsp;\u00bb<\/p>\n<p>\u25e6 Le traitement des demandes r\u00e9alis\u00e9es par email via l\u2019adresse mail legrosmouth@gmail.com<\/p>\n<p><strong>Avec qui \u00ab p\u00e9p\u00e9 le roi du poulet \u00bb partage-t-elle les donn\u00e9es personnelles collect\u00e9es ? <\/strong><\/p>\n<ul>\n<li>Les donn\u00e9es \u00e0 caract\u00e8re personnel collect\u00e9es par \u00ab p\u00e9p\u00e9 le roi du poulet \u00bb (qui est le responsable du traitement) ne sont pas communiqu\u00e9es \u00e0 des soci\u00e9t\u00e9s ext\u00e9rieures \u00e0 des fins commerciales. Les donn\u00e9es personnelles collect\u00e9es sont susceptibles d\u2019\u00eatre communiqu\u00e9es :<\/li>\n<\/ul>\n<p>\u25e6 Aux \u00e9tablissements \u00ab p\u00e9p\u00e9 le roi du poulet \u00bb concern\u00e9s par l\u2019ex\u00e9cution de votre commande<\/p>\n<p>\u25e6 Aux services internes concern\u00e9s de \u00ab p\u00e9p\u00e9 le roi du poulet \u00bb et aux entit\u00e9s du Groupe auquel appartient \u00ab p\u00e9p\u00e9 le roi du poulet \u00bb, localis\u00e9es dans l\u2019Union Europ\u00e9enne<\/p>\n<p>\u25e6 Aux sous-traitants qui sont impliqu\u00e9s dans la gestion de diverses t\u00e2ches li\u00e9es \u00e0 la fourniture de services techniques ou d\u2019h\u00e9bergement pour le site web, \u00e0 l\u2019assistance en mati\u00e8re de campagne promotionnelle ou de prospection commerciale, \u00e0 l\u2019ex\u00e9cution des commandes. \u00ab&nbsp;P\u00e9p\u00e9 le roi du poulet&nbsp;\u00bb vous informe qu\u2019il peut parfois avoir recours \u00e0 des sous-traitants situ\u00e9s dans l\u2019Union Europ\u00e9enne ou hors Union Europ\u00e9enne. Ces transferts sont r\u00e9alis\u00e9s conform\u00e9ment aux dispositions de la Loi \u00ab Informatique et Libert\u00e9s \u00bb.<\/p>\n<p><strong>Comment acc\u00e9der ou rectifier vos donn\u00e9es personnelles ou s\u2019opposer \u00e0 leur utilisation ? <\/strong><\/p>\n<ul>\n<li>Conform\u00e9ment \u00e0 la loi \u00ab Informatique et Libert\u00e9s \u00bb, vous pouvez exercer vos droits d\u2019acc\u00e8s, de rectification et d\u2019opposition \u00e0 l\u2019utilisation de vos donn\u00e9es personnelles en vous adressant \u00e0 :<\/li>\n<\/ul>\n<p>\u00ab p\u00e9p\u00e9 le roi du poulet \u00bb &#8211; SARL P.P.Licences :<\/p>\n<p>\u25e6 Par e-mail : legrosmouth@gmail.com<\/p>\n<p>\u25e6 Par courrier : P\u00e9p\u00e9 le roi du poulet, service consommateur, 2 rue du G\u00e9n\u00e9ral de Gaulle 75016 Paris<\/p>\n<ul>\n<li>L\u2019information sera transmise au restaurant partenaire concern\u00e9, le cas \u00e9ch\u00e9ant. Si vous souhaitez vous d\u00e9sabonner des communications par email, vous pouvez le faire directement en cliquant sur le lien en bas de l\u2019emailing.<\/li>\n<\/ul>\n<p><strong>Propri\u00e9t\u00e9 intellectuelle <\/strong><\/p>\n<ul>\n<li>Les informations disponibles sur le site http:\/\/pepelekingdupoulet.nicolas-samouth.com\/www\/ rel\u00e8vent de la l\u00e9gislation fran\u00e7aise et internationale sur le droit d\u2019auteur, droit des marques et autres droits et sont prot\u00e9g\u00e9es par le Code de la Propri\u00e9t\u00e9 Intellectuelle. Elles ne peuvent \u00eatre utilis\u00e9es qu\u2019\u00e0 des fins strictement personnelles et priv\u00e9es.<\/li>\n<\/ul>\n<p>Toute utilisation effectu\u00e9e \u00e0 des fins commerciales ou \u00e0 toute autre fin est purement et simplement interdite.<\/p>\n<p>Cette interdiction vaut quel que soit le proc\u00e9d\u00e9 de reproduction, de repr\u00e9sentation et\/ou de modification, et quelle qu\u2019en soit la dur\u00e9e.<\/p>\n<p>De mani\u00e8re g\u00e9n\u00e9rale, SARL P.P.Licences n\u2019est pas responsable de tout dommage, direct ou indirect, r\u00e9sultant de l\u2019utilisation des informations d\u00e9livr\u00e9es sur son site internet.<\/p>\n<p><strong>Liens hypertextes <\/strong><\/p>\n<ul>\n<li>Les liens hypertextes \u00e9tablis en direction d\u2019autres sites ne sauraient engager la responsabilit\u00e9 de l\u2019exploitant du Site, notamment s\u2019agissant de leur contenu.<\/li>\n<\/ul>\n<p>L\u2019exploitant du Site interdit \u00e0 toute personne de mettre en place des liens hypertextes pointant vers le pr\u00e9sent site sans son autorisation expresse et pr\u00e9alable. En toute hypoth\u00e8se, la mise en place de tels liens ne saurait engager la responsabilit\u00e9 de l\u2019exploitant du site.<\/p>\t\t\t\t\t\t<\/div>\n\t\t\t\t<\/div>\n\t\t\t\t\t<\/div>\n\t\t<\/div>\n\t\t\t\t\t\t\t<\/div>\n\t\t<\/section>\n\t\t\t\t\t\t\t<\/div>\n\t\t","protected":false},"excerpt":{"rendered":"<p>Mentions l\u00e9gales \u00ab P\u00e9p\u00e9 le Roi du poulet \u00bb Identification de l\u2019\u00e9diteur du site : \u00ab p\u00e9p\u00e9 le roi du poulet \u00bb SARL P.P.Licences SARL au capital social de 1 000 \u20ac RCS Versailles XXX XXX XXX TVA intracommunautaire FR XX XXX XXX&nbsp;XXX 2 rue du G\u00e9n\u00e9ral de Gaulle 75016 Paris T\u00e9l\u00e9phone : 06 XX &hellip;<\/p>\n<p class=\"read-more\"> <a class=\"\" href=\"https:\/\/www.pepelekingdupoulet.nicolas-samouth.com\/www\/index.php\/mentions-legales\/\"> <span class=\"screen-reader-text\">mentions l\u00e9gales<\/span> Lire la suite\u00a0\u00bb<\/a><\/p>\n","protected":false},"author":1,"featured_media":0,"parent":0,"menu_order":0,"comment_status":"closed","ping_status":"closed","template":"","meta":{"site-sidebar-layout":"no-sidebar","site-content-layout":"page-builder","ast-global-header-display":"","ast-main-header-display":"","ast-hfb-above-header-display":"","ast-hfb-below-header-display":"","ast-hfb-mobile-header-display":"","site-post-title":"disabled","ast-breadcrumbs-content":"","ast-featured-img":"disabled","footer-sml-layout":"","theme-transparent-header-meta":"","adv-header-id-meta":"","stick-header-meta":"","header-above-stick-meta":"","header-main-stick-meta":"","header-below-stick-meta":"","footnotes":""},"class_list":["post-1499","page","type-page","status-publish","hentry"],"yoast_head":"<!-- This site is optimized with the Yoast SEO plugin v19.10 - https:\/\/yoast.com\/wordpress\/plugins\/seo\/ -->\n<title>mentions l\u00e9gales - pepelekingdupoulet<\/title>\n<meta name=\"description\" content=\"Les mentions l\u00e9gales du site P\u00e9p\u00e9 le Roi du Poulet.\" \/>\n<meta name=\"robots\" content=\"index, follow, max-snippet:-1, max-image-preview:large, max-video-preview:-1\" \/>\n<link rel=\"canonical\" href=\"https:\/\/www.pepelekingdupoulet.nicolas-samouth.com\/www\/index.php\/mentions-legales\/\" \/>\n<meta property=\"og:locale\" content=\"fr_FR\" \/>\n<meta property=\"og:type\" content=\"article\" \/>\n<meta property=\"og:title\" content=\"mentions l\u00e9gales - pepelekingdupoulet\" \/>\n<meta property=\"og:description\" content=\"Les mentions l\u00e9gales du site P\u00e9p\u00e9 le Roi du Poulet.\" \/>\n<meta property=\"og:url\" content=\"https:\/\/www.pepelekingdupoulet.nicolas-samouth.com\/www\/index.php\/mentions-legales\/\" \/>\n<meta property=\"og:site_name\" content=\"pepelekingdupoulet\" \/>\n<meta property=\"article:modified_time\" content=\"2022-12-12T12:48:09+00:00\" \/>\n<meta name=\"twitter:card\" content=\"summary_large_image\" \/>\n<meta name=\"twitter:label1\" content=\"Dur\u00e9e de lecture estim\u00e9e\" \/>\n\t<meta name=\"twitter:data1\" content=\"7 minutes\" \/>\n<script type=\"application\/ld+json\" class=\"yoast-schema-graph\">{\"@context\":\"https:\/\/schema.org\",\"@graph\":[{\"@type\":\"WebPage\",\"@id\":\"https:\/\/www.pepelekingdupoulet.nicolas-samouth.com\/www\/index.php\/mentions-legales\/\",\"url\":\"https:\/\/www.pepelekingdupoulet.nicolas-samouth.com\/www\/index.php\/mentions-legales\/\",\"name\":\"mentions l\u00e9gales - pepelekingdupoulet\",\"isPartOf\":{\"@id\":\"https:\/\/www.pepelekingdupoulet.nicolas-samouth.com\/www\/#website\"},\"datePublished\":\"2022-11-21T17:38:52+00:00\",\"dateModified\":\"2022-12-12T12:48:09+00:00\",\"description\":\"Les mentions l\u00e9gales du site P\u00e9p\u00e9 le Roi du Poulet.\",\"breadcrumb\":{\"@id\":\"https:\/\/www.pepelekingdupoulet.nicolas-samouth.com\/www\/index.php\/mentions-legales\/#breadcrumb\"},\"inLanguage\":\"fr-FR\",\"potentialAction\":[{\"@type\":\"ReadAction\",\"target\":[\"https:\/\/www.pepelekingdupoulet.nicolas-samouth.com\/www\/index.php\/mentions-legales\/\"]}]},{\"@type\":\"BreadcrumbList\",\"@id\":\"https:\/\/www.pepelekingdupoulet.nicolas-samouth.com\/www\/index.php\/mentions-legales\/#breadcrumb\",\"itemListElement\":[{\"@type\":\"ListItem\",\"position\":1,\"name\":\"Accueil\",\"item\":\"https:\/\/www.pepelekingdupoulet.nicolas-samouth.com\/www\/\"},{\"@type\":\"ListItem\",\"position\":2,\"name\":\"mentions l\u00e9gales\"}]},{\"@type\":\"WebSite\",\"@id\":\"https:\/\/www.pepelekingdupoulet.nicolas-samouth.com\/www\/#website\",\"url\":\"https:\/\/www.pepelekingdupoulet.nicolas-samouth.com\/www\/\",\"name\":\"pepelekingdupoulet\",\"description\":\"Le king du poulet c&#039;est P\u00e9p\u00e9 !\",\"potentialAction\":[{\"@type\":\"SearchAction\",\"target\":{\"@type\":\"EntryPoint\",\"urlTemplate\":\"https:\/\/www.pepelekingdupoulet.nicolas-samouth.com\/www\/?s={search_term_string}\"},\"query-input\":\"required name=search_term_string\"}],\"inLanguage\":\"fr-FR\"}]}<\/script>\n<!-- \/ Yoast SEO plugin. -->","yoast_head_json":{"title":"mentions l\u00e9gales - pepelekingdupoulet","description":"Les mentions l\u00e9gales du site P\u00e9p\u00e9 le Roi du Poulet.","robots":{"index":"index","follow":"follow","max-snippet":"max-snippet:-1","max-image-preview":"max-image-preview:large","max-video-preview":"max-video-preview:-1"},"canonical":"https:\/\/www.pepelekingdupoulet.nicolas-samouth.com\/www\/index.php\/mentions-legales\/","og_locale":"fr_FR","og_type":"article","og_title":"mentions l\u00e9gales - pepelekingdupoulet","og_description":"Les mentions l\u00e9gales du site P\u00e9p\u00e9 le Roi du Poulet.","og_url":"https:\/\/www.pepelekingdupoulet.nicolas-samouth.com\/www\/index.php\/mentions-legales\/","og_site_name":"pepelekingdupoulet","article_modified_time":"2022-12-12T12:48:09+00:00","twitter_card":"summary_large_image","twitter_misc":{"Dur\u00e9e de lecture estim\u00e9e":"7 minutes"},"schema":{"@context":"https:\/\/schema.org","@graph":[{"@type":"WebPage","@id":"https:\/\/www.pepelekingdupoulet.nicolas-samouth.com\/www\/index.php\/mentions-legales\/","url":"https:\/\/www.pepelekingdupoulet.nicolas-samouth.com\/www\/index.php\/mentions-legales\/","name":"mentions l\u00e9gales - pepelekingdupoulet","isPartOf":{"@id":"https:\/\/www.pepelekingdupoulet.nicolas-samouth.com\/www\/#website"},"datePublished":"2022-11-21T17:38:52+00:00","dateModified":"2022-12-12T12:48:09+00:00","description":"Les mentions l\u00e9gales du site P\u00e9p\u00e9 le Roi du Poulet.","breadcrumb":{"@id":"https:\/\/www.pepelekingdupoulet.nicolas-samouth.com\/www\/index.php\/mentions-legales\/#breadcrumb"},"inLanguage":"fr-FR","potentialAction":[{"@type":"ReadAction","target":["https:\/\/www.pepelekingdupoulet.nicolas-samouth.com\/www\/index.php\/mentions-legales\/"]}]},{"@type":"BreadcrumbList","@id":"https:\/\/www.pepelekingdupoulet.nicolas-samouth.com\/www\/index.php\/mentions-legales\/#breadcrumb","itemListElement":[{"@type":"ListItem","position":1,"name":"Accueil","item":"https:\/\/www.pepelekingdupoulet.nicolas-samouth.com\/www\/"},{"@type":"ListItem","position":2,"name":"mentions l\u00e9gales"}]},{"@type":"WebSite","@id":"https:\/\/www.pepelekingdupoulet.nicolas-samouth.com\/www\/#website","url":"https:\/\/www.pepelekingdupoulet.nicolas-samouth.com\/www\/","name":"pepelekingdupoulet","description":"Le king du poulet c&#039;est P\u00e9p\u00e9 !","potentialAction":[{"@type":"SearchAction","target":{"@type":"EntryPoint","urlTemplate":"https:\/\/www.pepelekingdupoulet.nicolas-samouth.com\/www\/?s={search_term_string}"},"query-input":"required name=search_term_string"}],"inLanguage":"fr-FR"}]}},"_links":{"self":[{"href":"https:\/\/www.pepelekingdupoulet.nicolas-samouth.com\/www\/index.php\/wp-json\/wp\/v2\/pages\/1499","targetHints":{"allow":["GET"]}}],"collection":[{"href":"https:\/\/www.pepelekingdupoulet.nicolas-samouth.com\/www\/index.php\/wp-json\/wp\/v2\/pages"}],"about":[{"href":"https:\/\/www.pepelekingdupoulet.nicolas-samouth.com\/www\/index.php\/wp-json\/wp\/v2\/types\/page"}],"author":[{"embeddable":true,"href":"https:\/\/www.pepelekingdupoulet.nicolas-samouth.com\/www\/index.php\/wp-json\/wp\/v2\/users\/1"}],"replies":[{"embeddable":true,"href":"https:\/\/www.pepelekingdupoulet.nicolas-samouth.com\/www\/index.php\/wp-json\/wp\/v2\/comments?post=1499"}],"version-history":[{"count":21,"href":"https:\/\/www.pepelekingdupoulet.nicolas-samouth.com\/www\/index.php\/wp-json\/wp\/v2\/pages\/1499\/revisions"}],"predecessor-version":[{"id":1900,"href":"https:\/\/www.pepelekingdupoulet.nicolas-samouth.com\/www\/index.php\/wp-json\/wp\/v2\/pages\/1499\/revisions\/1900"}],"wp:attachment":[{"href":"https:\/\/www.pepelekingdupoulet.nicolas-samouth.com\/www\/index.php\/wp-json\/wp\/v2\/media?parent=1499"}],"curies":[{"name":"wp","href":"https:\/\/api.w.org\/{rel}","templated":true}]}}